{"id":14234,"date":"2023-05-09T13:52:05","date_gmt":"2023-05-09T13:52:05","guid":{"rendered":"https:\/\/brinkmann.putzmeister-mortar.de\/entreprise_modele\/"},"modified":"2023-05-09T13:52:05","modified_gmt":"2023-05-09T13:52:05","slug":"entreprise_modele","status":"publish","type":"page","link":"https:\/\/www.estrichboy.de\/fr\/entreprise_modele\/","title":{"rendered":"entreprise_mod\u00e8le"},"content":{"rendered":"<p>[elementor-template id=\u00a0\u00bb9249&Prime;]\t\t<\/p>\n<h2>\u00ab\u00a0About us &#8211; ce que nous repr\u00e9sentons\u00a0\u00bb<\/h2>\n<p>Comment faire adh\u00e9rer plus facilement le mortier au mur ? Karl Schlecht r\u00e9sout ce probl\u00e8me gr\u00e2ce \u00e0 une invention r\u00e9volutionnaire. Pendant plusieurs d\u00e9cennies, il pr\u00e9side aux destin\u00e9es de son entreprise. Ses id\u00e9es ont encore un impact aujourd&rsquo;hui.   <\/p>\n<p>\t\t\t\t\t\t\t\t\t\t\t\t<img decoding=\"async\" width=\"1024\" height=\"768\" src=\"https:\/\/estrichboy.de\/wp-content\/uploads\/sites\/2\/2023\/04\/Company_Bild-links_21-05934-1024x768.jpg\" alt=\"\" loading=\"lazy\"><br \/>\n\t\t\t\t\t\t\t\t\t\t\t\t<img decoding=\"async\" width=\"1024\" height=\"768\" src=\"https:\/\/estrichboy.de\/wp-content\/uploads\/sites\/2\/2023\/04\/Company_Bild-mitte_21-05940-1024x768.jpg\" alt=\"\" loading=\"lazy\"><br \/>\n\t\t\t\t\t\t\t\t\t\t\t\t<img decoding=\"async\" width=\"1024\" height=\"683\" src=\"https:\/\/estrichboy.de\/wp-content\/uploads\/sites\/2\/2023\/04\/Company-Bild-rechts-21-04762-1024x683.jpg\" alt=\"\" loading=\"lazy\">\t\t\t\t\t\t\t\t\t\t\t\t\t\t<\/p>\n<h2>Vision et mission<\/h2>\n<p>Des technologies innovantes qui sont constamment d\u00e9velopp\u00e9es en fonction des connaissances les plus r\u00e9centes en mati\u00e8re de recherche et de d\u00e9veloppement et des besoins du march\u00e9. Des \u00e9quipements qui r\u00e9pondent exactement aux besoins des clients et leur offrent, gr\u00e2ce \u00e0 nos machines robustes et polyvalentes, des solutions efficaces, durables et simples \u00e0 des probl\u00e8mes complexes. R\u00e9alisation de projets de construction complexes dans le monde entier.  <\/p>\n<p>La cl\u00e9 de notre succ\u00e8s r\u00e9side dans nos collaborateurs et notre culture. Ils donnent vie \u00e0 notre identit\u00e9. Nous soutenons nos collaborateurs avec les meilleurs outils possibles, des comp\u00e9tences de direction et offrons des possibilit\u00e9s de d\u00e9veloppement pour un avenir r\u00e9ussi de Putzmeister M\u00f6rtelmaschinen GmbH.  <\/p>\n<h2>BRICOLEUR, FONDATEUR, VISIONNAIRE<\/h2>\n<p><strong><em>L&rsquo;histoire de Putzmeister :<\/em><\/strong><\/p>\n<p>Succ\u00e8s et crises, progr\u00e8s et revers : Comment l&rsquo;entreprise de garage souabe est devenue en six d\u00e9cennies une entreprise d&rsquo;envergure mondiale. Et ce qui fait le succ\u00e8s de Putzmeister jusqu&rsquo;\u00e0 aujourd&rsquo;hui. <\/p>\n<p>  1958<br \/>\n\t\t\t\t\t\t\t\t\t<title>PM_Signet_RGB_2000px_adobe_express-svg<\/title>  .s0 { fill : #55595b } .s1 { fill : #ffcc04 }<br \/>\n\t\t\t\t\t\t\t\t\t<img decoding=\"async\" width=\"300\" height=\"200\" src=\"https:\/\/estrichboy.de\/wp-content\/uploads\/sites\/2\/2023\/04\/Bild01-P1-Mortelpumpe-300x200.jpg\" alt=\"\" loading=\"lazy\">\t\t\t\t\t\t\t\t<\/p>\n<p>Premi\u00e8re pompe \u00e0 mortier PM 1<\/p>\n<p>En 1958, la PM 1, la premi\u00e8re pompe \u00e0 mortier de Karl Schlecht, est \u00e0 l&rsquo;origine du succ\u00e8s de l&rsquo;entreprise. Les utilisateurs profitent encore aujourd&rsquo;hui de cette innovation <\/p>\n<p>  1968<br \/>\n\t\t\t\t\t\t\t\t\t<title>PM_Signet_RGB_2000px_adobe_express-svg<\/title>  .s0 { fill : #55595b } .s1 { fill : #ffcc04 }<br \/>\n\t\t\t\t\t\t\t\t\t<img decoding=\"async\" width=\"300\" height=\"245\" src=\"https:\/\/estrichboy.de\/wp-content\/uploads\/sites\/2\/2023\/04\/Bild02-Betonpumpe-HB1-300x245.jpg\" alt=\"\" loading=\"lazy\">\t\t\t\t\t\t\t\t<\/p>\n<p>Extension du portefeuille avec des pompes \u00e0 b\u00e9ton<\/p>\n<p>En 1968, Putzmeister \u00e9largit son portefeuille avec des pompes \u00e0 b\u00e9ton. Rapidement, l&rsquo;entreprise s&rsquo;assure une grande part de march\u00e9 &#8211; et fait aujourd&rsquo;hui partie des fabricants leaders au niveau mondial. <\/p>\n<p>  1972<br \/>\n\t\t\t\t\t\t\t\t\t<title>PM_Signet_RGB_2000px_adobe_express-svg<\/title>  .s0 { fill : #55595b } .s1 { fill : #ffcc04 }<br \/>\n\t\t\t\t\t\t\t\t\t<img decoding=\"async\" width=\"300\" height=\"136\" src=\"https:\/\/estrichboy.de\/wp-content\/uploads\/sites\/2\/2023\/04\/Bild03-Werk-Aichtal-197x-300x136.jpg\" alt=\"\" loading=\"lazy\">\t\t\t\t\t\t\t\t<\/p>\n<p>Les machines \u00e0 mortier de Putzmeister sont rapidement devenues un succ\u00e8s commercial<\/p>\n<p>En 1972, \u00e0 peine 15 ans apr\u00e8s la cr\u00e9ation de l&rsquo;entreprise, la 20 000e machine \u00e0 cr\u00e9pir quittait l&rsquo;usine d&rsquo;Aichtal. Peu \u00e0 peu, l&rsquo;espace s&rsquo;est av\u00e9r\u00e9 insuffisant, raison pour laquelle un nouveau grand hall de production a \u00e9t\u00e9 construit peu apr\u00e8s \u00e0 Aich. <\/p>\n<p>  1977<br \/>\n\t\t\t\t\t\t\t\t\t<title>PM_Signet_RGB_2000px_adobe_express-svg<\/title>  .s0 { fill : #55595b } .s1 { fill : #ffcc04 }<br \/>\n\t\t\t\t\t\t\t\t\t<img decoding=\"async\" width=\"300\" height=\"295\" src=\"https:\/\/estrichboy.de\/wp-content\/uploads\/sites\/2\/2023\/04\/Bild04-Eurotunnel-8382-2_a-300x295.jpg\" alt=\"\" loading=\"lazy\">\t\t\t\t\t\t\t\t<\/p>\n<p>Introduction de pompes industrielles et sp\u00e9ciales<\/p>\n<p>En 1977, Putzmeister transf\u00e8re son savoir-faire technique \u00e0 des mat\u00e9riaux et des applications suppl\u00e9mentaires. Depuis, les pompes industrielles et sp\u00e9ciales sont utilis\u00e9es dans le monde entier pour des projets exigeants. <\/p>\n<p>  1998<br \/>\n\t\t\t\t\t\t\t\t\t<title>PM_Signet_RGB_2000px_adobe_express-svg<\/title>  .s0 { fill : #55595b } .s1 { fill : #ffcc04 }<br \/>\n\t\t\t\t\t\t\t\t\t<img decoding=\"async\" width=\"300\" height=\"225\" src=\"https:\/\/estrichboy.de\/wp-content\/uploads\/sites\/2\/2023\/04\/Bild05_Karl-Schlecht-1999-300x225.jpg\" alt=\"\" loading=\"lazy\">\t\t\t\t\t\t\t\t<\/p>\n<p>L&rsquo;avenir de l&rsquo;entreprise est assur\u00e9<\/p>\n<p>En 1998, le fondateur Karl Schlecht se retire des affaires op\u00e9rationnelles et transf\u00e8re toutes les parts de Putzmeister AG \u00e0 deux fondations. L&rsquo;avenir de l&rsquo;entreprise est assur\u00e9. Elle fait face aux revers et jouit encore aujourd&rsquo;hui de la plus haute estime dans le monde entier.  <\/p>\n<p>\t\t\t\t\t<button type=\"button\"><\/button><br \/>\n\t\t\t\t\t<button type=\"button\"><\/button><\/p>\n<h2>Aujourd&rsquo;hui : Putzmeister en chiffres<\/h2>\n<p>  0<\/p>\n<h2>Les gens travaillent chez Putzmeister<\/h2>\n<p>  0<\/p>\n<h2>diff\u00e9rents pays d&rsquo;o\u00f9 proviennent les employ\u00e9s de Putzmeister<\/h2>\n<p>  0<\/p>\n<h3>pompes \u00e0 b\u00e9ton livr\u00e9es au cours des 60 derni\u00e8res ann\u00e9es<\/h3>\n<p>  0<\/p>\n<h2>personnes ont \u00e9t\u00e9 form\u00e9es avec succ\u00e8s au cours des 60 derni\u00e8res ann\u00e9es<\/h2>\n<p>  0<\/p>\n<h2>m\u00e8tres au-dessus du niveau de la mer, une machine Putzmeister a travaill\u00e9 dans les Andes<\/h2>\n<p>  0<br \/>\n  m<\/p>\n<h3>Le b\u00e9ton a \u00e9t\u00e9 transport\u00e9 \u00e0 grande hauteur lors de la construction de la Burj Khalifa avec des pompes \u00e0 b\u00e9ton stationnaires de Putzmeister.<\/h3>\n<h2>Innovation et technologie<\/h2>\n<p>Dans une entreprise de tradition et d&rsquo;avenir, nous sommes toujours en mouvement. Nous voyons des possibilit\u00e9s l\u00e0 o\u00f9 d&rsquo;autres ne voient que l&rsquo;impossible. <\/p>\n<p>Nous ne nous contentons pas de r\u00e9pondre aux besoins de nos clients\/partenaires, nous voulons inspirer, innover et nous d\u00e9velopper en permanence.<\/p>\n<p>Nous sommes synonymes de produits innovants et utilisons notre profonde compr\u00e9hension de nos clients\/partenaires* pour leur offrir les meilleures solutions et services pour leur travail quotidien. C&rsquo;est notre credo depuis plus de 60 ans. <\/p>\n<p>\t\t\t\t\t\t\t\t\t\t\t\t<img decoding=\"async\" width=\"768\" height=\"512\" src=\"https:\/\/estrichboy.de\/wp-content\/uploads\/sites\/2\/2023\/04\/Bild06-Prufstand-PMM-23-02707-768x512.jpg\" alt=\"\" loading=\"lazy\"><br \/>\n\t\t\t\t\t\t\t\t\t\t\t\t<img decoding=\"async\" width=\"1024\" height=\"683\" src=\"https:\/\/estrichboy.de\/wp-content\/uploads\/sites\/2\/2023\/05\/Putzmeister-Community-1024x683.jpg\" alt=\"\" loading=\"lazy\">\t\t\t\t\t\t\t\t\t\t\t\t\t\t<\/p>\n<h2>Communaut\u00e9 &#8211; Travailler chez Putzmeister<\/h2>\n<p>Chaque jour est diff\u00e9rent et offre de nouveaux d\u00e9fis que chaque membre de notre \u00e9quipe s&rsquo;efforce de relever. Nous voulons nous assurer que tout le monde a les m\u00eames possibilit\u00e9s de carri\u00e8re en contribuant \u00e0 \u00e9liminer les obstacles. C&rsquo;est dans ce contexte que nous d\u00e9veloppons notre nouvelle strat\u00e9gie afin de formuler clairement ce que nous repr\u00e9sentons en tant qu&rsquo;entreprise. Elle d\u00e9terminera la mani\u00e8re dont nous g\u00e9rons notre entreprise, dont nous travaillons avec nos collaborateurs, dont nous d\u00e9veloppons nos produits et dont nous traitons avec nos clients\/partenaires. Elle d\u00e9finit qui nous sommes. Elle est la colle, le sentiment d&rsquo;appartenance &#8211; et s&rsquo;\u00e9tend \u00e0 tous les pays, d\u00e9partements et \u00e9quipes.     <\/p>\n<h2>Gestion d&rsquo;entreprise<\/h2>\n<p>  \u00ab\u00a0Le Putzmeister du futur n&rsquo;est pas seulement un fabricant de machines, mais un fournisseur de solutions qui, en collaboration avec ses partenaires, met en r\u00e9seau tous les processus sur le chantier &#8211; sans pour autant perdre de vue son activit\u00e9 principale\u00a0\u00bb.<br \/>\n\t\t\t\t\t\t\t<img decoding=\"async\" width=\"1080\" height=\"720\" src=\"https:\/\/estrichboy.de\/wp-content\/uploads\/sites\/2\/2023\/04\/Christof-Kaml.jpg\" alt=\"\" loading=\"lazy\"><br \/>\n  Christoph Kaml<br \/>\n  Putzmeister CEO<\/p>\n<p><em>De l&rsquo;inventeur souabe \u00e0 l&rsquo;entreprise mondiale.<\/em><\/p>\n<p>Nous sommes \u00e0 l&rsquo;origine une entreprise familiale qui fait partie d&rsquo;un groupe. Nous sommes \u00e0 la fois internationaux et r\u00e9gionaux &#8211; car nous nous d\u00e9veloppons dans le monde entier tout en sachant que notre origine et notre production se trouvent au si\u00e8ge social d&rsquo;Aichtal, pr\u00e8s de Stuttgart. Pour nous, tradition et innovation ne sont pas antinomiques, mais des valeurs qui se renforcent mutuellement pour le d\u00e9veloppement durable de notre entreprise.  <\/p>\n<ul>\n<li>\n\t\t\t\t\t\t\t<title>PM_Signet_RGB_2000px_adobe_express-svg<\/title>.s0 { fill : #55595b } .s1 { fill : #ffcc04 }<br \/>\n Car ce n&rsquo;est qu&rsquo;ensemble que nous enthousiasmons nos clients.\n\t\t\t\t\t\t\t\t\t<\/li>\n<li>\n\t\t\t\t\t\t\t<title>PM_Signet_RGB_2000px_adobe_express-svg<\/title>.s0 { fill : #55595b } .s1 { fill : #ffcc04 }<br \/>\n Ce sont les gens qui font la diff\u00e9rence.\n\t\t\t\t\t\t\t\t\t<\/li>\n<li>\n\t\t\t\t\t\t\t<title>PM_Signet_RGB_2000px_adobe_express-svg<\/title>.s0 { fill : #55595b } .s1 { fill : #ffcc04 }<br \/>\n Elles donnent vie \u00e0 notre identit\u00e9.\n\t\t\t\t\t\t\t\t\t<\/li>\n<\/ul>\n<h3>Putzmeister M\u00f6rtelmaschinen GmbH<\/h3>\n<p>Max-Eyth-Str. 10<br \/>72631 Aichtal<br \/>Allemagne <\/p>\n<p>T\u00e9l\u00e9phone : <a href=\"tel:004971275990\">+49-(0)7127-599-0<\/a><br \/>Fax : +49-(0)7127-599-743<br \/>Hotline <a href=\"tel:00497127599699\">+49-(0)7127- 599- 699<\/a><br \/>E-mail : <a href=\"mailto:mm@putzmeister.com\">mm@putzmeister.com<\/a><\/p>\n","protected":false},"excerpt":{"rendered":"<p>[elementor-template id=\u00a0\u00bb9249&Prime;] \u00ab\u00a0About us &#8211; ce que nous repr\u00e9sentons\u00a0\u00bb Comment faire adh\u00e9rer plus facilement le mortier au mur ? Karl Schlecht r\u00e9sout ce probl\u00e8me gr\u00e2ce \u00e0 une invention r\u00e9volutionnaire. Pendant plusieurs d\u00e9cennies, il pr\u00e9side aux destin\u00e9es de son entreprise. Ses id\u00e9es ont encore un impact aujourd&rsquo;hui. Vision et mission Des technologies innovantes qui sont constamment [&hellip;]<\/p>\n","protected":false},"author":1,"featured_media":14235,"parent":0,"menu_order":5,"comment_status":"closed","ping_status":"closed","template":"","meta":{"footnotes":""},"class_list":["post-14234","page","type-page","status-publish","has-post-thumbnail","hentry"],"acf":[],"_links":{"self":[{"href":"https:\/\/www.estrichboy.de\/fr\/wp-json\/wp\/v2\/pages\/14234","targetHints":{"allow":["GET"]}}],"collection":[{"href":"https:\/\/www.estrichboy.de\/fr\/wp-json\/wp\/v2\/pages"}],"about":[{"href":"https:\/\/www.estrichboy.de\/fr\/wp-json\/wp\/v2\/types\/page"}],"author":[{"embeddable":true,"href":"https:\/\/www.estrichboy.de\/fr\/wp-json\/wp\/v2\/users\/1"}],"replies":[{"embeddable":true,"href":"https:\/\/www.estrichboy.de\/fr\/wp-json\/wp\/v2\/comments?post=14234"}],"version-history":[{"count":0,"href":"https:\/\/www.estrichboy.de\/fr\/wp-json\/wp\/v2\/pages\/14234\/revisions"}],"wp:featuredmedia":[{"embeddable":true,"href":"https:\/\/www.estrichboy.de\/fr\/wp-json\/wp\/v2\/media\/14235"}],"wp:attachment":[{"href":"https:\/\/www.estrichboy.de\/fr\/wp-json\/wp\/v2\/media?parent=14234"}],"curies":[{"name":"wp","href":"https:\/\/api.w.org\/{rel}","templated":true}]}}