{"id":14236,"date":"2023-05-23T10:12:11","date_gmt":"2023-05-23T10:12:11","guid":{"rendered":"https:\/\/brinkmann.putzmeister-mortar.de\/mentions-legales\/"},"modified":"2025-11-04T11:54:56","modified_gmt":"2025-11-04T11:54:56","slug":"mentions-legales","status":"publish","type":"page","link":"https:\/\/www.estrichboy.de\/fr\/mentions-legales\/","title":{"rendered":"Mentions l\u00e9gales"},"content":{"rendered":"\n<p><\/p>\n<h2>Mentions l\u00e9gales<\/h2>\n<p><strong>Putzmeister M\u00f6rtelmaschinen GmbH<br \/>Max-Eyth-Str. 10<br \/>D-72631 Aichtal<br \/>Allemagne <\/strong><\/p>\n<p>E-mail <a href=\"mailto:mm@putzmeister.com\">:<\/a> mailto:mm@putzmeister.com<br \/>T\u00e9l. : +49-7127-599-0<br \/>Fax : +49-7127-599-909<\/p>\n<p>Registre du commerce Tribunal d&rsquo;instance de Stuttgart<br \/>HRB Nr. 223840<\/p>\n<p>N\u00b0 de TVA DE811840096<br \/>N\u00b0 de TVA : 7405100500<\/p>\n<p><strong>Directeur g\u00e9n\u00e9ral :<\/strong><br \/>Matthias Donner<\/p>\n<p>Ni Putzmeister M\u00f6rtelmaschinen GmbH ni des tiers ne peuvent se porter garants des informations contenues dans nos pages Internet. Cependant, les informations ont \u00e9t\u00e9 soigneusement v\u00e9rifi\u00e9es et recherch\u00e9es par Putzmeister M\u00f6rtelmaschinen GmbH ou des tiers. Putzmeister M\u00f6rtelmaschinen GmbH n&rsquo;assume aucune responsabilit\u00e9 pour les contenus de sites Internet externes. Les contenus de ce site sont prot\u00e9g\u00e9s par les droits d&rsquo;auteur, leur reproduction n\u00e9cessite l&rsquo;autorisation pr\u00e9alable de Putzmeister M\u00f6rtelmaschinen GmbH.   <\/p>\n<p><strong>Les responsables de ce site sont :<\/strong><br \/>Webmastering, programmation, mise en page, h\u00e9bergement, administration, bases de donn\u00e9es, contenu :<\/p>\n<p>Putzmeister M\u00f6rtelmaschinen GmbH<br \/>Max-Eyth-Str. 10<br \/>D-72631 Aichtal<br \/>Allemagne <\/p>\n<p>E-mail <a href=\"mailto:mm@putzmeister.com\">:<\/a> mailto:mm@putzmeister.com<br \/>T\u00e9l. : +49-7127-599-0<br \/>Fax : +49-7127-599-909<\/p>\n","protected":false},"excerpt":{"rendered":"<p>Mentions l\u00e9gales Putzmeister M\u00f6rtelmaschinen GmbHMax-Eyth-Str. 10D-72631 AichtalAllemagne E-mail : mailto:mm@putzmeister.comT\u00e9l. : +49-7127-599-0Fax : +49-7127-599-909 Registre du commerce Tribunal d&rsquo;instance de StuttgartHRB Nr. 223840 N\u00b0 de TVA DE811840096N\u00b0 de TVA : 7405100500 Directeur g\u00e9n\u00e9ral :Matthias Donner Ni Putzmeister M\u00f6rtelmaschinen GmbH ni des tiers ne peuvent se porter garants des informations contenues dans nos pages Internet. Cependant, [&hellip;]<\/p>\n","protected":false},"author":1,"featured_media":14237,"parent":0,"menu_order":0,"comment_status":"closed","ping_status":"closed","template":"","meta":{"footnotes":""},"class_list":["post-14236","page","type-page","status-publish","has-post-thumbnail","hentry"],"acf":[],"_links":{"self":[{"href":"https:\/\/www.estrichboy.de\/fr\/wp-json\/wp\/v2\/pages\/14236","targetHints":{"allow":["GET"]}}],"collection":[{"href":"https:\/\/www.estrichboy.de\/fr\/wp-json\/wp\/v2\/pages"}],"about":[{"href":"https:\/\/www.estrichboy.de\/fr\/wp-json\/wp\/v2\/types\/page"}],"author":[{"embeddable":true,"href":"https:\/\/www.estrichboy.de\/fr\/wp-json\/wp\/v2\/users\/1"}],"replies":[{"embeddable":true,"href":"https:\/\/www.estrichboy.de\/fr\/wp-json\/wp\/v2\/comments?post=14236"}],"version-history":[{"count":1,"href":"https:\/\/www.estrichboy.de\/fr\/wp-json\/wp\/v2\/pages\/14236\/revisions"}],"predecessor-version":[{"id":14238,"href":"https:\/\/www.estrichboy.de\/fr\/wp-json\/wp\/v2\/pages\/14236\/revisions\/14238"}],"wp:featuredmedia":[{"embeddable":true,"href":"https:\/\/www.estrichboy.de\/fr\/wp-json\/wp\/v2\/media\/14237"}],"wp:attachment":[{"href":"https:\/\/www.estrichboy.de\/fr\/wp-json\/wp\/v2\/media?parent=14236"}],"curies":[{"name":"wp","href":"https:\/\/api.w.org\/{rel}","templated":true}]}}