{"id":14247,"date":"2025-07-29T11:04:44","date_gmt":"2025-07-29T11:04:44","guid":{"rendered":"https:\/\/brinkmann.putzmeister-mortar.de\/applications\/"},"modified":"2025-11-19T11:14:33","modified_gmt":"2025-11-19T11:14:33","slug":"applications","status":"publish","type":"page","link":"https:\/\/www.estrichboy.de\/fr\/applications\/","title":{"rendered":"Applications"},"content":{"rendered":"\n<div class=\"wp-block-group alignfull sticky-top content-nav has-global-padding is-layout-constrained wp-block-group-is-layout-constrained\">\n<div class=\"wp-block-group alignfull has-white-background-color has-background has-global-padding is-layout-constrained wp-block-group-is-layout-constrained\" style=\"margin-top:0;margin-bottom:0\">\n<div class=\"wp-block-group alignwide is-layout-flow wp-block-group-is-layout-flow\">\n<div class=\"wp-block-buttons alignwide row row-cols-md-3 g-0 py-1 border-bottom border-primary border-3 is-content-justification-space-between is-layout-flex wp-container-core-buttons-is-layout-9366075c wp-block-buttons-is-layout-flex\">\n<div class=\"wp-block-button has-custom-width wp-block-button__width-50 is-style-outline is-style-outline--1\"><a class=\"wp-block-button__link has-primary-color has-text-color has-link-color wp-element-button\" href=\"#erdfeuchterestrich\">CHAPE TRADITIONELLE<\/a><\/div>\n\n\n\n<div class=\"wp-block-button has-custom-width wp-block-button__width-50 is-style-outline is-style-outline--2\"><a class=\"wp-block-button__link has-primary-color has-text-color has-link-color wp-element-button\" href=\"#fliessestrich\">CHAPE AUTONIVELLANTE<\/a><\/div>\n<\/div>\n<\/div>\n<\/div>\n<\/div>\n\n\n\n<div class=\"wp-block-cover alignfull has-custom-content-position is-position-bottom-center mix-blend-mode-multiply mt-0 has-white-color has-text-color has-link-color wp-elements-87b0de4ba50378b3d4226b2ea154e2d2\" style=\"padding-top:var(--wp--preset--spacing--50);padding-bottom:var(--wp--preset--spacing--50);min-height:30rem;aspect-ratio:unset;\"><img decoding=\"async\" class=\"wp-block-cover__image-background wp-image-12892 size-full\" alt=\"\" src=\"https:\/\/estrichboy.de\/wp-content\/uploads\/sites\/2\/2025\/07\/3-1.jpg\" data-object-fit=\"cover\" \/><span aria-hidden=\"true\" class=\"wp-block-cover__background has-background-dim wp-block-cover__gradient-background has-background-gradient has-hero-default-gradient-background\"><\/span><div class=\"wp-block-cover__inner-container has-global-padding is-layout-constrained wp-block-cover-is-layout-constrained\">\n<div class=\"wp-block-group alignwide container has-global-padding is-layout-constrained wp-block-group-is-layout-constrained\"><h5 style=\"font-style:normal;font-weight:600;\" class=\"has-text-align-left alignwide display-1 text-shadow d-none wp-block-post-title\">Applications<\/h5>\n\n\n<h1 class=\"wp-block-heading alignwide display-1 text-shadow fw-bolder\"><\/h1>\n<\/div>\n<\/div><\/div>\n\n\n\n<div class=\"wp-block-group alignwide container is-layout-flow wp-block-group-is-layout-flow\" style=\"margin-top:var(--wp--preset--spacing--50);margin-bottom:var(--wp--preset--spacing--50)\">\n<a name=\"erdfeuchterestrich\"><\/a>\n\n\n\n<div class=\"wp-block-group row gy-4 is-layout-flex wp-container-core-group-is-layout-6585d397 wp-block-group-is-layout-flex\" style=\"margin-top:var(--wp--preset--spacing--50);margin-bottom:var(--wp--preset--spacing--50)\">\n<div class=\"wp-block-group col-sm-4 col-lg-5 is-vertical is-layout-flex wp-container-core-group-is-layout-fe9cc265 wp-block-group-is-layout-flex\">\n<figure class=\"wp-block-image size-full\"><img loading=\"lazy\" decoding=\"async\" width=\"2560\" height=\"1440\" src=\"https:\/\/estrichboy.de\/wp-content\/uploads\/sites\/2\/2025\/07\/anw_erdfeuchter_estrich_169-scaled.jpg\" alt=\"D\u00e9tail d'une chape humide\" class=\"wp-image-12339\" style=\"object-fit:contain\" srcset=\"https:\/\/www.estrichboy.de\/wp-content\/uploads\/sites\/2\/2025\/07\/anw_erdfeuchter_estrich_169-scaled.jpg 2560w, https:\/\/www.estrichboy.de\/wp-content\/uploads\/sites\/2\/2025\/07\/anw_erdfeuchter_estrich_169-300x169.jpg 300w, https:\/\/www.estrichboy.de\/wp-content\/uploads\/sites\/2\/2025\/07\/anw_erdfeuchter_estrich_169-1024x576.jpg 1024w, https:\/\/www.estrichboy.de\/wp-content\/uploads\/sites\/2\/2025\/07\/anw_erdfeuchter_estrich_169-768x432.jpg 768w, https:\/\/www.estrichboy.de\/wp-content\/uploads\/sites\/2\/2025\/07\/anw_erdfeuchter_estrich_169-1536x864.jpg 1536w, https:\/\/www.estrichboy.de\/wp-content\/uploads\/sites\/2\/2025\/07\/anw_erdfeuchter_estrich_169-2048x1152.jpg 2048w, https:\/\/www.estrichboy.de\/wp-content\/uploads\/sites\/2\/2025\/07\/anw_erdfeuchter_estrich_169-1200x675.jpg 1200w\" sizes=\"auto, (max-width: 2560px) 100vw, 2560px\" \/><\/figure>\n\n\n\n<figure class=\"wp-block-image size-full\"><img loading=\"lazy\" decoding=\"async\" width=\"1920\" height=\"1080\" src=\"https:\/\/estrichboy.de\/wp-content\/uploads\/sites\/2\/2025\/07\/anw_erdfeuchter_estrich2_169.jpg\" alt=\"Mise en place d'une chape \u00e0 consistance de terre humide\" class=\"wp-image-12775\" style=\"object-fit:contain\" srcset=\"https:\/\/www.estrichboy.de\/wp-content\/uploads\/sites\/2\/2025\/07\/anw_erdfeuchter_estrich2_169.jpg 1920w, https:\/\/www.estrichboy.de\/wp-content\/uploads\/sites\/2\/2025\/07\/anw_erdfeuchter_estrich2_169-300x169.jpg 300w, https:\/\/www.estrichboy.de\/wp-content\/uploads\/sites\/2\/2025\/07\/anw_erdfeuchter_estrich2_169-1024x576.jpg 1024w, https:\/\/www.estrichboy.de\/wp-content\/uploads\/sites\/2\/2025\/07\/anw_erdfeuchter_estrich2_169-768x432.jpg 768w, https:\/\/www.estrichboy.de\/wp-content\/uploads\/sites\/2\/2025\/07\/anw_erdfeuchter_estrich2_169-1536x864.jpg 1536w, https:\/\/www.estrichboy.de\/wp-content\/uploads\/sites\/2\/2025\/07\/anw_erdfeuchter_estrich2_169-1200x675.jpg 1200w\" sizes=\"auto, (max-width: 1920px) 100vw, 1920px\" \/><\/figure>\n<\/div>\n\n\n\n<div class=\"wp-block-group col is-vertical is-layout-flex wp-container-core-group-is-layout-2d729e81 wp-block-group-is-layout-flex\">\n<h2 class=\"wp-block-heading\"><strong>Chape traditionelle<\/strong><\/h2>\n\n\n\n<p class=\"has-medium-font-size\"><strong>Transporter sans effort &#8211; jusqu&rsquo;\u00e0 200 m de distance<\/strong><\/p>\n\n\n\n<p>Les chapes traditionelle sont tenaces, contiennent peu d&rsquo;eau et doivent \u00eatre comprim\u00e9es dans de longs tuyaux. Les machines Brinkmann transportent par bouchons &#8211; la r\u00e9partition des grains et de l&rsquo;humidit\u00e9 reste ainsi stable, le m\u00e9lange des mat\u00e9riaux est \u00e9vit\u00e9 et les obstructions sont \u00e9vit\u00e9es. Qu&rsquo;il s&rsquo;agisse d&rsquo;une pente, d&rsquo;un nivellement ou d&rsquo;une isolation, les machines Brinkmann cr\u00e9ent la meilleure base.<\/p>\n\n\n\n<p class=\"has-medium-font-size\">EstrichBoy DC 260 ou EC 260, id\u00e9al pour :<\/p>\n\n\n\n<ul class=\"wp-block-list\">\n<li>Chape en ciment<\/li>\n\n\n\n<li>Chape en sulfate de calcium (anhydrite)<\/li>\n\n\n\n<li>Chape de magn\u00e9sie<\/li>\n\n\n\n<li>Fond vibrant (en fonction de la consistance)<\/li>\n<\/ul>\n\n\n\n<div class=\"wp-block-buttons is-layout-flex wp-block-buttons-is-layout-flex\">\n<div class=\"wp-block-button is-style-filled-primary\"><a class=\"wp-block-button__link wp-element-button\" href=\"https:\/\/estrichboy.de\/fr\/produkte\/anwendungen-fr-2\/chape-traditionelle\/\">Machines pour chape traditionelle<\/a><\/div>\n<\/div>\n<\/div>\n<\/div>\n\n\n\n<a name=\"fliessestrich\"><\/a>\n\n\n\n<div class=\"wp-block-group container row gy-4 is-layout-flex wp-container-core-group-is-layout-6585d397 wp-block-group-is-layout-flex\" style=\"margin-top:var(--wp--preset--spacing--50);margin-bottom:var(--wp--preset--spacing--50)\">\n<div class=\"wp-block-group col-sm-4 col-lg-5 order-sm-1 is-vertical is-layout-flex wp-container-core-group-is-layout-fe9cc265 wp-block-group-is-layout-flex\">\n<figure class=\"wp-block-image size-large\"><img loading=\"lazy\" decoding=\"async\" width=\"1024\" height=\"576\" src=\"https:\/\/estrichboy.de\/wp-content\/uploads\/sites\/2\/2025\/07\/anw_fliessestrich2_169-1024x576.jpg\" alt=\"D\u00e9tail de la chape fluide\" class=\"wp-image-12771\" srcset=\"https:\/\/www.estrichboy.de\/wp-content\/uploads\/sites\/2\/2025\/07\/anw_fliessestrich2_169-1024x576.jpg 1024w, https:\/\/www.estrichboy.de\/wp-content\/uploads\/sites\/2\/2025\/07\/anw_fliessestrich2_169-300x169.jpg 300w, https:\/\/www.estrichboy.de\/wp-content\/uploads\/sites\/2\/2025\/07\/anw_fliessestrich2_169-768x432.jpg 768w, https:\/\/www.estrichboy.de\/wp-content\/uploads\/sites\/2\/2025\/07\/anw_fliessestrich2_169-1536x864.jpg 1536w, https:\/\/www.estrichboy.de\/wp-content\/uploads\/sites\/2\/2025\/07\/anw_fliessestrich2_169-1200x675.jpg 1200w, https:\/\/www.estrichboy.de\/wp-content\/uploads\/sites\/2\/2025\/07\/anw_fliessestrich2_169.jpg 1920w\" sizes=\"auto, (max-width: 1024px) 100vw, 1024px\" \/><\/figure>\n\n\n\n<figure class=\"wp-block-image size-large\"><img loading=\"lazy\" decoding=\"async\" width=\"1024\" height=\"576\" src=\"https:\/\/estrichboy.de\/wp-content\/uploads\/sites\/2\/2025\/07\/anw_fliessestrich1_169-1024x576.jpg\" alt=\"D\u00e9tail de la chape fluide\" class=\"wp-image-12347\" srcset=\"https:\/\/www.estrichboy.de\/wp-content\/uploads\/sites\/2\/2025\/07\/anw_fliessestrich1_169-1024x576.jpg 1024w, https:\/\/www.estrichboy.de\/wp-content\/uploads\/sites\/2\/2025\/07\/anw_fliessestrich1_169-300x169.jpg 300w, https:\/\/www.estrichboy.de\/wp-content\/uploads\/sites\/2\/2025\/07\/anw_fliessestrich1_169-768x432.jpg 768w, https:\/\/www.estrichboy.de\/wp-content\/uploads\/sites\/2\/2025\/07\/anw_fliessestrich1_169-1536x864.jpg 1536w, https:\/\/www.estrichboy.de\/wp-content\/uploads\/sites\/2\/2025\/07\/anw_fliessestrich1_169-2048x1152.jpg 2048w, https:\/\/www.estrichboy.de\/wp-content\/uploads\/sites\/2\/2025\/07\/anw_fliessestrich1_169-1200x675.jpg 1200w\" sizes=\"auto, (max-width: 1024px) 100vw, 1024px\" \/><\/figure>\n<\/div>\n\n\n\n<div class=\"wp-block-group col is-vertical is-layout-flex wp-container-core-group-is-layout-fe9cc265 wp-block-group-is-layout-flex\">\n<h2 class=\"wp-block-heading has-x-large-font-size\">chape de AUTONIVELLANTE<\/h2>\n\n\n\n<p class=\"has-medium-font-size\"><strong>Doit fonctionner pour \u00eatre propre<\/strong><\/p>\n\n\n\n<p>Une plan\u00e9it\u00e9 parfaite en tr\u00e8s peu de temps &#8211; c&rsquo;est ce qui rend la chape de autonivellante si populaire. Mais si l&rsquo;on veut que ce soit propre, il faut faire attention aux d\u00e9tails : L&rsquo;eau, le climat, l&rsquo;a\u00e9ration. Le sulfate de calcium, par exemple, ne veut pas trop d&rsquo;humidit\u00e9, sinon il y aura des fissures. Pour \u00e9viter cela, la FHS 250 pompe la chape de autonivellante jusqu&rsquo;\u00e0 une granulom\u00e9trie de 12 mm sans \u00e0-coups, avec une forte pression et proprement \u00e0 destination. Avec des vis jusqu&rsquo;\u00e0 la 2L8, une puissance de 37 kW, un filtre \u00e0 gros grains et un dosage fin.<\/p>\n\n\n\n<p class=\"has-medium-font-size\">FHS 250, id\u00e9al pour :<\/p>\n\n\n\n<ul class=\"wp-block-list\">\n<li>Chape de autonivellante en ciment<\/li>\n\n\n\n<li>Chape de autonivellante au sulfate de calcium<\/li>\n<\/ul>\n\n\n\n<div class=\"wp-block-buttons is-layout-flex wp-block-buttons-is-layout-flex\">\n<div class=\"wp-block-button is-style-filled-primary\"><a class=\"wp-block-button__link wp-element-button\" href=\"https:\/\/estrichboy.de\/fr\/produkte\/anwendungen-fr-2\/chape-autonivellante\/\">Machines pour chape autonivellante<\/a><\/div>\n<\/div>\n<\/div>\n<\/div>\n<\/div>\n","protected":false},"excerpt":{"rendered":"<p>Chape traditionelle Transporter sans effort &#8211; jusqu&rsquo;\u00e0 200 m de distance Les chapes traditionelle sont tenaces, contiennent peu d&rsquo;eau et doivent \u00eatre comprim\u00e9es dans de longs tuyaux. Les machines Brinkmann transportent par bouchons &#8211; la r\u00e9partition des grains et de l&rsquo;humidit\u00e9 reste ainsi stable, le m\u00e9lange des mat\u00e9riaux est \u00e9vit\u00e9 et les obstructions sont \u00e9vit\u00e9es. [&hellip;]<\/p>\n","protected":false},"author":3,"featured_media":0,"parent":0,"menu_order":2,"comment_status":"closed","ping_status":"closed","template":"","meta":{"footnotes":""},"class_list":["post-14247","page","type-page","status-publish","hentry"],"acf":[],"_links":{"self":[{"href":"https:\/\/www.estrichboy.de\/fr\/wp-json\/wp\/v2\/pages\/14247","targetHints":{"allow":["GET"]}}],"collection":[{"href":"https:\/\/www.estrichboy.de\/fr\/wp-json\/wp\/v2\/pages"}],"about":[{"href":"https:\/\/www.estrichboy.de\/fr\/wp-json\/wp\/v2\/types\/page"}],"author":[{"embeddable":true,"href":"https:\/\/www.estrichboy.de\/fr\/wp-json\/wp\/v2\/users\/3"}],"replies":[{"embeddable":true,"href":"https:\/\/www.estrichboy.de\/fr\/wp-json\/wp\/v2\/comments?post=14247"}],"version-history":[{"count":19,"href":"https:\/\/www.estrichboy.de\/fr\/wp-json\/wp\/v2\/pages\/14247\/revisions"}],"predecessor-version":[{"id":14783,"href":"https:\/\/www.estrichboy.de\/fr\/wp-json\/wp\/v2\/pages\/14247\/revisions\/14783"}],"wp:attachment":[{"href":"https:\/\/www.estrichboy.de\/fr\/wp-json\/wp\/v2\/media?parent=14247"}],"curies":[{"name":"wp","href":"https:\/\/api.w.org\/{rel}","templated":true}]}}