{"id":14256,"date":"2025-07-10T08:55:13","date_gmt":"2025-07-10T08:55:13","guid":{"rendered":"https:\/\/brinkmann.putzmeister-mortar.de\/actualites\/"},"modified":"2025-11-04T14:01:54","modified_gmt":"2025-11-04T14:01:54","slug":"actualites","status":"publish","type":"page","link":"https:\/\/www.estrichboy.de\/fr\/actualites\/","title":{"rendered":"Actualit\u00e9s"},"content":{"rendered":"\n<div class=\"wp-block-group alignfull px-4 py-5 border-bottom border-primary border-15 has-global-padding is-layout-constrained wp-block-group-is-layout-constrained\">\n<div class=\"wp-block-group alignwide row is-nowrap is-layout-flex wp-container-core-group-is-layout-5c4495dd wp-block-group-is-layout-flex\">\n<h2 class=\"wp-block-heading col\">LES MEILLEURS INITI\u00c9S NE SE TROUVENT QU&rsquo;ICI!<\/h2>\n\n\n\n<p class=\"col-auto text-uppercase h4 text-primary\"><a href=\"https:\/\/estrichboy.de\/fr\/apercu-des-produits\/\">\/ Actualit\u00e9s<\/a><\/p>\n<\/div>\n\n\n\n<div class=\"wp-block-query alignwide has-global-padding is-layout-constrained wp-block-query-is-layout-constrained\"><ul class=\"alignwide row row-cols-sm-2 row-cols-lg-3 wp-block-post-template is-layout-flow wp-block-post-template-is-layout-flow\"><li class=\"wp-block-post post-14310 post type-post status-publish format-standard has-post-thumbnail hentry category-actualites\">\n\n<div class=\"wp-block-group w-100 is-vertical is-layout-flex wp-container-core-group-is-layout-ea0cb840 wp-block-group-is-layout-flex\">\n<div class=\"wp-block-group ratio ratio-16x9 has-global-padding is-layout-constrained wp-block-group-is-layout-constrained\">\n<div class=\"wp-block-group has-lightergray-background-color has-background has-global-padding is-layout-constrained wp-block-group-is-layout-constrained\"><figure style=\"aspect-ratio:16\/9;\" class=\"w-100 wp-block-post-featured-image\"><a href=\"https:\/\/www.estrichboy.de\/fr\/premier-dc-260-rock-den-bau-vers-la-bulgarie\/\" target=\"_self\"  ><img loading=\"lazy\" decoding=\"async\" width=\"1024\" height=\"576\" src=\"https:\/\/www.estrichboy.de\/wp-content\/uploads\/sites\/2\/2023\/05\/news_4-1024x576.jpg\" class=\"attachment-large size-large wp-post-image\" alt=\"Premier DC 260 \u00ab\u00a0Rock den Bau\u00a0\u00bb vers la Bulgarie\" style=\"width:100%;height:100%;object-fit:cover;\" srcset=\"https:\/\/www.estrichboy.de\/wp-content\/uploads\/sites\/2\/2023\/05\/news_4-1024x576.jpg 1024w, https:\/\/www.estrichboy.de\/wp-content\/uploads\/sites\/2\/2023\/05\/news_4-300x169.jpg 300w, https:\/\/www.estrichboy.de\/wp-content\/uploads\/sites\/2\/2023\/05\/news_4-768x432.jpg 768w, https:\/\/www.estrichboy.de\/wp-content\/uploads\/sites\/2\/2023\/05\/news_4-1536x864.jpg 1536w, https:\/\/www.estrichboy.de\/wp-content\/uploads\/sites\/2\/2023\/05\/news_4-1200x675.jpg 1200w, https:\/\/www.estrichboy.de\/wp-content\/uploads\/sites\/2\/2023\/05\/news_4.jpg 1600w\" sizes=\"auto, (max-width: 1024px) 100vw, 1024px\" \/><\/a><\/figure><\/div>\n<\/div>\n\n\n<div class=\"text-primary text-decoration-none wp-block-post-date\"><time datetime=\"2025-05-04T07:17:00+00:00\"><a href=\"https:\/\/www.estrichboy.de\/fr\/premier-dc-260-rock-den-bau-vers-la-bulgarie\/\">mai 4, 2025<\/a><\/time><\/div>\n\n<h3 class=\"h5 fw-bold wp-block-post-title\">Premier DC 260 \u00ab\u00a0Rock den Bau\u00a0\u00bb vers la Bulgarie<\/h3>\n\n<div class=\"tex wp-block-post-excerpt\"><p class=\"wp-block-post-excerpt__excerpt\">Nous sommes ravis d&rsquo;annoncer que la premi\u00e8re \u00e9dition sp\u00e9ciale Brinkmann DC 260 \u00ab\u00a0Rock den Bau\u00a0\u00bb a \u00e9t\u00e9 vendue avec succ\u00e8s \u00e0 notre estim\u00e9 partenaire Hydromotor de Bulgarie lors du salon #bauma2025! <\/p><\/div>\n\n<a class=\"text-primary wp-block-read-more\" href=\"https:\/\/www.estrichboy.de\/fr\/premier-dc-260-rock-den-bau-vers-la-bulgarie\/\" target=\"_self\">Plus<span class=\"screen-reader-text\">\u00a0: Premier DC 260 \u00ab\u00a0Rock den Bau\u00a0\u00bb vers la Bulgarie<\/span><\/a><\/div>\n\n<\/li><li class=\"wp-block-post post-14313 post type-post status-publish format-standard has-post-thumbnail hentry category-actualites\">\n\n<div class=\"wp-block-group w-100 is-vertical is-layout-flex wp-container-core-group-is-layout-ea0cb840 wp-block-group-is-layout-flex\">\n<div class=\"wp-block-group ratio ratio-16x9 has-global-padding is-layout-constrained wp-block-group-is-layout-constrained\">\n<div class=\"wp-block-group has-lightergray-background-color has-background has-global-padding is-layout-constrained wp-block-group-is-layout-constrained\"><figure style=\"aspect-ratio:16\/9;\" class=\"w-100 wp-block-post-featured-image\"><a href=\"https:\/\/www.estrichboy.de\/fr\/le-nouveau-concentre-de-puissance-electrique-flexible-et-puissant\/\" target=\"_self\"  ><img loading=\"lazy\" decoding=\"async\" width=\"1024\" height=\"562\" src=\"https:\/\/www.estrichboy.de\/wp-content\/uploads\/sites\/2\/2025\/07\/EC260_Baustelle_k-1024x562.jpg\" class=\"attachment-large size-large wp-post-image\" alt=\"Le nouveau concentr\u00e9 de puissance \u00e9lectrique : flexible et puissant\" style=\"width:100%;height:100%;object-fit:cover;\" srcset=\"https:\/\/www.estrichboy.de\/wp-content\/uploads\/sites\/2\/2025\/07\/EC260_Baustelle_k-1024x562.jpg 1024w, https:\/\/www.estrichboy.de\/wp-content\/uploads\/sites\/2\/2025\/07\/EC260_Baustelle_k-300x165.jpg 300w, https:\/\/www.estrichboy.de\/wp-content\/uploads\/sites\/2\/2025\/07\/EC260_Baustelle_k-768x422.jpg 768w, https:\/\/www.estrichboy.de\/wp-content\/uploads\/sites\/2\/2025\/07\/EC260_Baustelle_k-1536x843.jpg 1536w, https:\/\/www.estrichboy.de\/wp-content\/uploads\/sites\/2\/2025\/07\/EC260_Baustelle_k-1200x659.jpg 1200w, https:\/\/www.estrichboy.de\/wp-content\/uploads\/sites\/2\/2025\/07\/EC260_Baustelle_k.jpg 1800w\" sizes=\"auto, (max-width: 1024px) 100vw, 1024px\" \/><\/a><\/figure><\/div>\n<\/div>\n\n\n<div class=\"text-primary text-decoration-none wp-block-post-date\"><time datetime=\"2025-04-04T14:08:00+00:00\"><a href=\"https:\/\/www.estrichboy.de\/fr\/le-nouveau-concentre-de-puissance-electrique-flexible-et-puissant\/\">avril 4, 2025<\/a><\/time><\/div>\n\n<h3 class=\"h5 fw-bold wp-block-post-title\">Le nouveau concentr\u00e9 de puissance \u00e9lectrique : flexible et puissant<\/h3>\n\n<div class=\"tex wp-block-post-excerpt\"><p class=\"wp-block-post-excerpt__excerpt\">\u00c0 partir du 1er avril 2025, nous \u00e9largissons notre gamme de produits EstrichBoy tr\u00e8s appr\u00e9ci\u00e9e dans la nouvelle g\u00e9n\u00e9ration \u00ab\u00a0260\u00a0\u00bb avec un nouveau concentr\u00e9 de puissance \u00e9lectrique. Avec son moteur \u00e9lectrique de 37 kW (classe d&rsquo;efficacit\u00e9 IE3), la nouvelle EstrichBoy EC 260 atteint, dans sa version alimentateur \/ racleur, un d\u00e9bit pouvant atteindre 5 m\u00b3\u2026 <\/p><\/div>\n\n<a class=\"text-primary wp-block-read-more\" href=\"https:\/\/www.estrichboy.de\/fr\/le-nouveau-concentre-de-puissance-electrique-flexible-et-puissant\/\" target=\"_self\">Plus<span class=\"screen-reader-text\">\u00a0: Le nouveau concentr\u00e9 de puissance \u00e9lectrique : flexible et puissant<\/span><\/a><\/div>\n\n<\/li><li class=\"wp-block-post post-14319 post type-post status-publish format-standard has-post-thumbnail hentry category-actualites\">\n\n<div class=\"wp-block-group w-100 is-vertical is-layout-flex wp-container-core-group-is-layout-ea0cb840 wp-block-group-is-layout-flex\">\n<div class=\"wp-block-group ratio ratio-16x9 has-global-padding is-layout-constrained wp-block-group-is-layout-constrained\">\n<div class=\"wp-block-group has-lightergray-background-color has-background has-global-padding is-layout-constrained wp-block-group-is-layout-constrained\"><figure style=\"aspect-ratio:16\/9;\" class=\"w-100 wp-block-post-featured-image\"><a href=\"https:\/\/www.estrichboy.de\/fr\/rock-den-bau-la-estrichboy-dc-260-en-edition-limitee-pour-la-bauma-2025\/\" target=\"_self\"  ><img loading=\"lazy\" decoding=\"async\" width=\"1024\" height=\"576\" src=\"https:\/\/www.estrichboy.de\/wp-content\/uploads\/sites\/2\/2025\/02\/Makita_Aktion-1024x576.jpg\" class=\"attachment-large size-large wp-post-image\" alt=\"\u00ab\u00a0ROCK&rsquo; DEN BAU\u00a0\u00bb &#8211; La EstrichBoy DC 260 en \u00e9dition limit\u00e9e pour la BAUMA 2025\" style=\"width:100%;height:100%;object-fit:cover;\" srcset=\"https:\/\/www.estrichboy.de\/wp-content\/uploads\/sites\/2\/2025\/02\/Makita_Aktion-1024x576.jpg 1024w, https:\/\/www.estrichboy.de\/wp-content\/uploads\/sites\/2\/2025\/02\/Makita_Aktion-300x169.jpg 300w, https:\/\/www.estrichboy.de\/wp-content\/uploads\/sites\/2\/2025\/02\/Makita_Aktion-768x432.jpg 768w, https:\/\/www.estrichboy.de\/wp-content\/uploads\/sites\/2\/2025\/02\/Makita_Aktion-1536x864.jpg 1536w, https:\/\/www.estrichboy.de\/wp-content\/uploads\/sites\/2\/2025\/02\/Makita_Aktion-2048x1152.jpg 2048w, https:\/\/www.estrichboy.de\/wp-content\/uploads\/sites\/2\/2025\/02\/Makita_Aktion-1200x675.jpg 1200w\" sizes=\"auto, (max-width: 1024px) 100vw, 1024px\" \/><\/a><\/figure><\/div>\n<\/div>\n\n\n<div class=\"text-primary text-decoration-none wp-block-post-date\"><time datetime=\"2025-02-02T07:16:13+00:00\"><a href=\"https:\/\/www.estrichboy.de\/fr\/rock-den-bau-la-estrichboy-dc-260-en-edition-limitee-pour-la-bauma-2025\/\">f\u00e9vrier 2, 2025<\/a><\/time><\/div>\n\n<h3 class=\"h5 fw-bold wp-block-post-title\">\u00ab\u00a0ROCK&rsquo; DEN BAU\u00a0\u00bb &#8211; La EstrichBoy DC 260 en \u00e9dition limit\u00e9e pour la BAUMA 2025<\/h3>\n\n<div class=\"tex wp-block-post-excerpt\"><p class=\"wp-block-post-excerpt__excerpt\">\u00c0 l&rsquo;occasion du salon BAUMA 2025, nous lan\u00e7ons une action sp\u00e9ciale sous le slogan \u00ab\u00a0ROCK&rsquo; DEN BAU&rsquo;\u00a0\u00bb avec un nombre limit\u00e9 de 50 machines EstrichBoy DC 260 en promotion. La machine en promotion n\u00b0 1 sera expos\u00e9e \u00e0 la BAUMA 2025.Une EstrichBoy DC 260\/45 BS ou DC 260\/55 BS (au choix) fait partie du pack\u2026 <\/p><\/div>\n\n<a class=\"text-primary wp-block-read-more\" href=\"https:\/\/www.estrichboy.de\/fr\/rock-den-bau-la-estrichboy-dc-260-en-edition-limitee-pour-la-bauma-2025\/\" target=\"_self\">Plus<span class=\"screen-reader-text\">\u00a0: \u00ab\u00a0ROCK&rsquo; DEN BAU\u00a0\u00bb &#8211; La EstrichBoy DC 260 en \u00e9dition limit\u00e9e pour la BAUMA 2025<\/span><\/a><\/div>\n\n<\/li><li class=\"wp-block-post post-14307 post type-post status-publish format-standard has-post-thumbnail hentry category-actualites\">\n\n<div class=\"wp-block-group w-100 is-vertical is-layout-flex wp-container-core-group-is-layout-ea0cb840 wp-block-group-is-layout-flex\">\n<div class=\"wp-block-group ratio ratio-16x9 has-global-padding is-layout-constrained wp-block-group-is-layout-constrained\">\n<div class=\"wp-block-group has-lightergray-background-color has-background has-global-padding is-layout-constrained wp-block-group-is-layout-constrained\"><figure style=\"aspect-ratio:16\/9;\" class=\"w-100 wp-block-post-featured-image\"><a href=\"https:\/\/www.estrichboy.de\/fr\/le-legendaire-estrichboy-dc-260-est-de-retour\/\" target=\"_self\"  ><img loading=\"lazy\" decoding=\"async\" width=\"1024\" height=\"851\" src=\"https:\/\/www.estrichboy.de\/wp-content\/uploads\/sites\/2\/2025\/07\/DC260_Baustelle_k-1024x851.jpg\" class=\"attachment-large size-large wp-post-image\" alt=\"Le l\u00e9gendaire EstrichBoy DC 260 est de retour\" style=\"width:100%;height:100%;object-fit:cover;\" srcset=\"https:\/\/www.estrichboy.de\/wp-content\/uploads\/sites\/2\/2025\/07\/DC260_Baustelle_k-1024x851.jpg 1024w, https:\/\/www.estrichboy.de\/wp-content\/uploads\/sites\/2\/2025\/07\/DC260_Baustelle_k-300x249.jpg 300w, https:\/\/www.estrichboy.de\/wp-content\/uploads\/sites\/2\/2025\/07\/DC260_Baustelle_k-768x638.jpg 768w, https:\/\/www.estrichboy.de\/wp-content\/uploads\/sites\/2\/2025\/07\/DC260_Baustelle_k-1200x997.jpg 1200w, https:\/\/www.estrichboy.de\/wp-content\/uploads\/sites\/2\/2025\/07\/DC260_Baustelle_k.jpg 1240w\" sizes=\"auto, (max-width: 1024px) 100vw, 1024px\" \/><\/a><\/figure><\/div>\n<\/div>\n\n\n<div class=\"text-primary text-decoration-none wp-block-post-date\"><time datetime=\"2024-10-10T07:16:40+00:00\"><a href=\"https:\/\/www.estrichboy.de\/fr\/le-legendaire-estrichboy-dc-260-est-de-retour\/\">octobre 10, 2024<\/a><\/time><\/div>\n\n<h3 class=\"h5 fw-bold wp-block-post-title\">Le l\u00e9gendaire EstrichBoy DC 260 est de retour<\/h3>\n\n<div class=\"tex wp-block-post-excerpt\"><p class=\"wp-block-post-excerpt__excerpt\">Une s\u00e9rie enti\u00e8rement repens\u00e9e, disponible en deux versions. Avec la version encore plus puissante du DC 260\/55, le moteur Deutz 3 cylindres (44,5 kW) permet d&rsquo;atteindre des d\u00e9bits sup\u00e9rieurs \u00e0 5,2 m\u00b3\/h de mat\u00e9riau par heure.Gr\u00e2ce \u00e0 la nouvelle g\u00e9n\u00e9ration de moteurs Deutz, les deux versions de l&rsquo;EstrichBoy DC 260 r\u00e9pondent aux normes strictes de\u2026 <\/p><\/div>\n\n<a class=\"text-primary wp-block-read-more\" href=\"https:\/\/www.estrichboy.de\/fr\/le-legendaire-estrichboy-dc-260-est-de-retour\/\" target=\"_self\">Plus<span class=\"screen-reader-text\">\u00a0: Le l\u00e9gendaire EstrichBoy DC 260 est de retour<\/span><\/a><\/div>\n\n<\/li><\/ul>\n\n\n\n<\/div>\n<\/div>\n","protected":false},"excerpt":{"rendered":"<p>LES MEILLEURS INITI\u00c9S NE SE TROUVENT QU&rsquo;ICI! \/ Actualit\u00e9s<\/p>\n","protected":false},"author":2,"featured_media":0,"parent":0,"menu_order":0,"comment_status":"closed","ping_status":"closed","template":"","meta":{"footnotes":""},"class_list":["post-14256","page","type-page","status-publish","hentry"],"acf":[],"_links":{"self":[{"href":"https:\/\/www.estrichboy.de\/fr\/wp-json\/wp\/v2\/pages\/14256","targetHints":{"allow":["GET"]}}],"collection":[{"href":"https:\/\/www.estrichboy.de\/fr\/wp-json\/wp\/v2\/pages"}],"about":[{"href":"https:\/\/www.estrichboy.de\/fr\/wp-json\/wp\/v2\/types\/page"}],"author":[{"embeddable":true,"href":"https:\/\/www.estrichboy.de\/fr\/wp-json\/wp\/v2\/users\/2"}],"replies":[{"embeddable":true,"href":"https:\/\/www.estrichboy.de\/fr\/wp-json\/wp\/v2\/comments?post=14256"}],"version-history":[{"count":2,"href":"https:\/\/www.estrichboy.de\/fr\/wp-json\/wp\/v2\/pages\/14256\/revisions"}],"predecessor-version":[{"id":14339,"href":"https:\/\/www.estrichboy.de\/fr\/wp-json\/wp\/v2\/pages\/14256\/revisions\/14339"}],"wp:attachment":[{"href":"https:\/\/www.estrichboy.de\/fr\/wp-json\/wp\/v2\/media?parent=14256"}],"curies":[{"name":"wp","href":"https:\/\/api.w.org\/{rel}","templated":true}]}}