{"id":14271,"date":"2025-07-17T09:36:48","date_gmt":"2025-07-17T09:36:48","guid":{"rendered":"https:\/\/brinkmann.putzmeister-mortar.de\/entreprise\/"},"modified":"2025-11-04T13:12:46","modified_gmt":"2025-11-04T13:12:46","slug":"entreprise","status":"publish","type":"page","link":"https:\/\/www.estrichboy.de\/fr\/entreprise\/","title":{"rendered":"Entreprise"},"content":{"rendered":"\n<div class=\"wp-block-cover alignfull has-custom-content-position is-position-bottom-center mix-blend-mode-multiply has-white-color has-text-color has-link-color wp-elements-c942065d144fa487bb65e7c47b5d9392\" style=\"padding-top:var(--wp--preset--spacing--50);padding-bottom:var(--wp--preset--spacing--50);min-height:30rem;aspect-ratio:unset;\"><img loading=\"lazy\" decoding=\"async\" width=\"2560\" height=\"795\" class=\"wp-block-cover__image-background wp-image-12878 size-full\" alt=\"\" src=\"https:\/\/estrichboy.de\/wp-content\/uploads\/sites\/2\/2025\/07\/BM_Header_UEBER_UNS-scaled.jpg\" data-object-fit=\"cover\" srcset=\"https:\/\/www.estrichboy.de\/wp-content\/uploads\/sites\/2\/2025\/07\/BM_Header_UEBER_UNS-scaled.jpg 2560w, https:\/\/www.estrichboy.de\/wp-content\/uploads\/sites\/2\/2025\/07\/BM_Header_UEBER_UNS-300x93.jpg 300w, https:\/\/www.estrichboy.de\/wp-content\/uploads\/sites\/2\/2025\/07\/BM_Header_UEBER_UNS-1024x318.jpg 1024w, https:\/\/www.estrichboy.de\/wp-content\/uploads\/sites\/2\/2025\/07\/BM_Header_UEBER_UNS-768x238.jpg 768w, https:\/\/www.estrichboy.de\/wp-content\/uploads\/sites\/2\/2025\/07\/BM_Header_UEBER_UNS-1536x477.jpg 1536w, https:\/\/www.estrichboy.de\/wp-content\/uploads\/sites\/2\/2025\/07\/BM_Header_UEBER_UNS-2048x636.jpg 2048w, https:\/\/www.estrichboy.de\/wp-content\/uploads\/sites\/2\/2025\/07\/BM_Header_UEBER_UNS-1200x373.jpg 1200w\" sizes=\"auto, (max-width: 2560px) 100vw, 2560px\" \/><span aria-hidden=\"true\" class=\"wp-block-cover__background has-background-dim wp-block-cover__gradient-background has-background-gradient has-hero-default-gradient-background\"><\/span><div class=\"wp-block-cover__inner-container has-global-padding is-layout-constrained wp-block-cover-is-layout-constrained\">\n<div class=\"wp-block-group alignwide container has-global-padding is-layout-constrained wp-block-group-is-layout-constrained\"><\/div>\n<\/div><\/div>\n\n<div class=\"wp-block-group alignfull sticky-top has-white-background-color has-background has-global-padding is-layout-constrained wp-block-group-is-layout-constrained\" style=\"margin-top:0;margin-bottom:0;padding-top:var(--wp--preset--spacing--10);padding-bottom:var(--wp--preset--spacing--10)\">\n<div class=\"wp-block-group alignwide is-layout-flow wp-block-group-is-layout-flow\">\n<div class=\"wp-block-buttons alignwide row row-cols-3 g-0 w-100 container-fluid py-1 border-bottom border-primary border-3 is-layout-flex wp-block-buttons-is-layout-flex\">\n<div class=\"wp-block-button is-style-outline is-style-outline--1\"><a class=\"wp-block-button__link has-primary-color has-text-color has-link-color wp-element-button\" href=\"#ueberuns\">\u00c0 PROPOS DE NOUS<\/a><\/div>\n\n\n\n<div class=\"wp-block-button is-style-outline is-style-outline--2\"><a class=\"wp-block-button__link has-primary-color has-text-color has-link-color wp-element-button\" href=\"#karriere\">CARRI\u00c8RE<\/a><\/div>\n\n\n\n<div class=\"wp-block-button is-style-outline is-style-outline--3\"><a class=\"wp-block-button__link has-primary-color has-text-color has-link-color wp-element-button\" href=\"#haendler\">DISTRIBUTEURS<\/a><\/div>\n<\/div>\n<\/div>\n<\/div>\n\n<div class=\"wp-block-group alignwide container mb-4 has-global-padding is-layout-constrained wp-block-group-is-layout-constrained\">\n<h2 class=\"wp-block-heading has-text-align-center\"><strong><strong>De haute qualit\u00e9. Tout simplement g\u00e9nial. <\/strong><\/strong><\/h2>\n<\/div>\n\n<div class=\"wp-block-group alignwide container is-layout-flow wp-block-group-is-layout-flow\" style=\"margin-top:var(--wp--preset--spacing--50);margin-bottom:var(--wp--preset--spacing--50)\">\n<div id=\"ueberuns\" class=\"wp-block-group row gy-4 is-layout-flex wp-block-group-is-layout-flex\" style=\"margin-top:var(--wp--preset--spacing--50);margin-bottom:var(--wp--preset--spacing--50)\">\n<div class=\"wp-block-group col-sm-4 col-lg-5 is-vertical is-layout-flex wp-container-core-group-is-layout-fe9cc265 wp-block-group-is-layout-flex\">\n<figure class=\"wp-block-image size-full\"><img loading=\"lazy\" decoding=\"async\" width=\"500\" height=\"1000\" src=\"https:\/\/estrichboy.de\/wp-content\/uploads\/sites\/2\/2025\/07\/Glaettmaschine_TL.jpg\" alt=\"Lisseuse Brinkmann TL, avec c&#xE2;ble\" class=\"wp-image-12077\" style=\"aspect-ratio:16\/9;object-fit:contain\" srcset=\"https:\/\/www.estrichboy.de\/wp-content\/uploads\/sites\/2\/2025\/07\/Glaettmaschine_TL.jpg 500w, https:\/\/www.estrichboy.de\/wp-content\/uploads\/sites\/2\/2025\/07\/Glaettmaschine_TL-150x300.jpg 150w\" sizes=\"auto, (max-width: 500px) 100vw, 500px\" \/><\/figure>\n<\/div>\n\n\n\n<div class=\"wp-block-group col is-vertical is-layout-flex wp-container-core-group-is-layout-d6b9ab57 wp-block-group-is-layout-flex\">\n<h2 class=\"wp-block-heading\"><strong>Brinkmann made by Putzmeister.  <\/strong><\/h2>\n\n\n\n<p>Ce que nous produisons chez Putzmeister est une v\u00e9ritable puissance de chantier made in Germany : des machines qui ne se contentent pas de travailler sur le chantier, mais qui le livrent. Certifi\u00e9es selon la norme DIN ISO 9001 et \u00e9prouv\u00e9es sur des milliers de chantiers.   <\/p>\n\n\n\n<p>Depuis 2002 d\u00e9j\u00e0, la marque Brinkmann tourne \u00e0 plein r\u00e9gime chez nous &#8211; que ce soit avec du diesel ou de l&rsquo;\u00e9lectrique. Mais toujours bien encadr\u00e9e, perfectionn\u00e9e et pr\u00eate pour la prochaine utilisation.   <\/p>\n\n\n\n<p>Notre fiert\u00e9 particuli\u00e8re : la EstrichBoy qui, apr\u00e8s une soixantaine d&rsquo;ann\u00e9es de succ\u00e8s en termes de qualit\u00e9 et de performance, est toujours l&rsquo;ic\u00f4ne incontest\u00e9e du b\u00e2timent.  <\/p>\n\n\n\n<p>Ce dont tu as besoin, quand tu en as besoin, o\u00f9 tu en as besoin : c&rsquo;est ce que garantissent un r\u00e9seau de distribution \u00e9tendu, des documents techniques clairs et des interlocuteurs qui t&rsquo;aident vraiment. De plus, un traitement rapide des commandes, des d\u00e9lais de livraison courts pour les machines et les pi\u00e8ces de rechange &#8211; et tout cela \u00e0 des conditions \u00e9quitables. <\/p>\n\n\n\n<div class=\"wp-block-buttons is-layout-flex wp-block-buttons-is-layout-flex\"><\/div>\n<\/div>\n<\/div>\n\n\n\n<div id=\"karriere\" class=\"wp-block-group row gy-4 is-layout-flex wp-block-group-is-layout-flex\" style=\"margin-top:var(--wp--preset--spacing--50);margin-bottom:var(--wp--preset--spacing--50)\">\n<div class=\"wp-block-group col-sm-4 col-lg-5 order-sm-1 is-vertical is-layout-flex wp-container-core-group-is-layout-fe9cc265 wp-block-group-is-layout-flex\">\n<figure class=\"wp-block-image size-large\"><img loading=\"lazy\" decoding=\"async\" width=\"1024\" height=\"576\" src=\"https:\/\/estrichboy.de\/wp-content\/uploads\/sites\/2\/2025\/08\/Karriere_169-1024x576.jpg\" alt=\"\" class=\"wp-image-13468\" srcset=\"https:\/\/www.estrichboy.de\/wp-content\/uploads\/sites\/2\/2025\/08\/Karriere_169-1024x576.jpg 1024w, https:\/\/www.estrichboy.de\/wp-content\/uploads\/sites\/2\/2025\/08\/Karriere_169-300x169.jpg 300w, https:\/\/www.estrichboy.de\/wp-content\/uploads\/sites\/2\/2025\/08\/Karriere_169-768x432.jpg 768w, https:\/\/www.estrichboy.de\/wp-content\/uploads\/sites\/2\/2025\/08\/Karriere_169-1536x864.jpg 1536w, https:\/\/www.estrichboy.de\/wp-content\/uploads\/sites\/2\/2025\/08\/Karriere_169-1200x675.jpg 1200w, https:\/\/www.estrichboy.de\/wp-content\/uploads\/sites\/2\/2025\/08\/Karriere_169.jpg 1920w\" sizes=\"auto, (max-width: 1024px) 100vw, 1024px\" \/><\/figure>\n<\/div>\n\n\n\n<div class=\"wp-block-group col is-vertical is-layout-flex wp-container-core-group-is-layout-d6b9ab57 wp-block-group-is-layout-flex\">\n<h2 class=\"wp-block-heading has-x-large-font-size\"><strong>Des bases solides pour ta carri\u00e8re<\/strong><\/h2>\n\n\n\n<p>Tu veux mettre la main \u00e0 la p\u00e2te, r\u00e9fl\u00e9chir et participer au d\u00e9veloppement d&rsquo;une v\u00e9ritable technique ? Alors regarde les possibilit\u00e9s de carri\u00e8re chez Putzmeister M\u00f6rtelmaschinen. <\/p>\n\n\n\n<p>Qu&rsquo;il s&rsquo;agisse d&rsquo;un stage, d&rsquo;un travail de fin d&rsquo;\u00e9tudes, d&rsquo;\u00e9tudes en alternance ou d&rsquo;un poste d&rsquo;\u00e9tudiant salari\u00e9, l&rsquo;entr\u00e9e se fait par la plateforme centrale d&#8217;emploi de Putzmeister Holding. Tu y trouveras des offres actuelles dans des domaines tels que la technique, le d\u00e9veloppement, les ressources humaines ou l&rsquo;informatique. <\/p>\n\n\n\n<p>Ce qui t&rsquo;attend ? Un environnement de travail innovant, un contexte international, un v\u00e9ritable travail d&rsquo;\u00e9quipe et la possibilit\u00e9 de prendre des responsabilit\u00e9s &#8211; d\u00e8s le d\u00e9but. <\/p>\n\n\n\n<p>Postulez de mani\u00e8re spontan\u00e9e et directement sur karriere@estrichboy.de<\/p>\n\n\n\n<p>Tu trouveras ici un aper\u00e7u de toutes les possibilit\u00e9s pour ton avenir chez Putzmeister :  <\/p>\n\n\n\n<div class=\"wp-block-buttons is-layout-flex wp-block-buttons-is-layout-flex\">\n<div class=\"wp-block-button is-style-filled-primary\"><a class=\"wp-block-button__link wp-element-button\" href=\"https:\/\/www.putzmeister.com\/web\/european-union\/your-career\" target=\"_blank\" rel=\"noreferrer noopener\">vers le portail carri\u00e8re de Putzmeister<\/a><\/div>\n<\/div>\n<\/div>\n<\/div>\n\n\n\n<div id=\"H\u00e4ndler\" class=\"wp-block-group row gy-4 is-layout-flex wp-block-group-is-layout-flex\" style=\"margin-top:var(--wp--preset--spacing--50);margin-bottom:var(--wp--preset--spacing--50)\">\n<div class=\"wp-block-group col-sm-4 col-lg-5 order-sm-1 is-vertical is-layout-flex wp-container-core-group-is-layout-fe9cc265 wp-block-group-is-layout-flex\">\n<figure class=\"wp-block-image size-large\"><img loading=\"lazy\" decoding=\"async\" width=\"1024\" height=\"576\" src=\"https:\/\/estrichboy.de\/wp-content\/uploads\/sites\/2\/2025\/08\/Netzwerk_1691-1024x576.jpg\" alt=\"\" class=\"wp-image-13485\" srcset=\"https:\/\/www.estrichboy.de\/wp-content\/uploads\/sites\/2\/2025\/08\/Netzwerk_1691-1024x576.jpg 1024w, https:\/\/www.estrichboy.de\/wp-content\/uploads\/sites\/2\/2025\/08\/Netzwerk_1691-300x169.jpg 300w, https:\/\/www.estrichboy.de\/wp-content\/uploads\/sites\/2\/2025\/08\/Netzwerk_1691-768x432.jpg 768w, https:\/\/www.estrichboy.de\/wp-content\/uploads\/sites\/2\/2025\/08\/Netzwerk_1691-1536x864.jpg 1536w, https:\/\/www.estrichboy.de\/wp-content\/uploads\/sites\/2\/2025\/08\/Netzwerk_1691-1200x675.jpg 1200w, https:\/\/www.estrichboy.de\/wp-content\/uploads\/sites\/2\/2025\/08\/Netzwerk_1691.jpg 1920w\" sizes=\"auto, (max-width: 1024px) 100vw, 1024px\" \/><\/figure>\n<\/div>\n\n\n\n<div class=\"wp-block-group col is-vertical is-layout-flex wp-container-core-group-is-layout-d6b9ab57 wp-block-group-is-layout-flex\">\n<h2 class=\"wp-block-heading has-x-large-font-size\"><strong>Un r\u00e9seau fort. Un service fort. <\/strong><\/h2>\n\n\n\n<p>Nous distribuons nos machines par le biais d&rsquo;un syst\u00e8me \u00e0 deux niveaux : nos propres succursales et un r\u00e9seau dense de revendeurs agr\u00e9\u00e9s, en Allemagne et dans le monde entier. Cela garantit des trajets courts, un conseil rapide et un approvisionnement fiable en pi\u00e8ces de rechange. <\/p>\n\n\n\n<p>Nos distributeurs ne se contentent pas de vendre des machines, ils s&rsquo;occupent \u00e9galement de la maintenance, du service et de la formation. Pour que cela se passe sans probl\u00e8me, ils sont r\u00e9guli\u00e8rement form\u00e9s dans l&rsquo;acad\u00e9mie Putzmeister &#8211; proche de la pratique, techniquement fond\u00e9e et directement sur la machine. <\/p>\n\n\n\n<div class=\"wp-block-buttons is-layout-flex wp-block-buttons-is-layout-flex\">\n<div class=\"wp-block-button is-style-filled-primary\"><a class=\"wp-block-button__link wp-element-button\" href=\"https:\/\/estrichboy.de\/fr\/trouver-un-revendeur\/\">Recherche de revendeurs<\/a><\/div>\n<\/div>\n<\/div>\n<\/div>\n<\/div>\n","protected":false},"excerpt":{"rendered":"<p>De haute qualit\u00e9. Tout simplement g\u00e9nial. Brinkmann made by Putzmeister. Ce que nous produisons chez Putzmeister est une v\u00e9ritable puissance de chantier made in Germany : des machines qui ne se contentent pas de travailler sur le chantier, mais qui le livrent. Certifi\u00e9es selon la norme DIN ISO 9001 et \u00e9prouv\u00e9es sur des milliers de [&hellip;]<\/p>\n","protected":false},"author":3,"featured_media":14272,"parent":0,"menu_order":2,"comment_status":"closed","ping_status":"closed","template":"","meta":{"footnotes":""},"class_list":["post-14271","page","type-page","status-publish","has-post-thumbnail","hentry"],"acf":[],"_links":{"self":[{"href":"https:\/\/www.estrichboy.de\/fr\/wp-json\/wp\/v2\/pages\/14271","targetHints":{"allow":["GET"]}}],"collection":[{"href":"https:\/\/www.estrichboy.de\/fr\/wp-json\/wp\/v2\/pages"}],"about":[{"href":"https:\/\/www.estrichboy.de\/fr\/wp-json\/wp\/v2\/types\/page"}],"author":[{"embeddable":true,"href":"https:\/\/www.estrichboy.de\/fr\/wp-json\/wp\/v2\/users\/3"}],"replies":[{"embeddable":true,"href":"https:\/\/www.estrichboy.de\/fr\/wp-json\/wp\/v2\/comments?post=14271"}],"version-history":[{"count":1,"href":"https:\/\/www.estrichboy.de\/fr\/wp-json\/wp\/v2\/pages\/14271\/revisions"}],"predecessor-version":[{"id":14277,"href":"https:\/\/www.estrichboy.de\/fr\/wp-json\/wp\/v2\/pages\/14271\/revisions\/14277"}],"wp:featuredmedia":[{"embeddable":true,"href":"https:\/\/www.estrichboy.de\/fr\/wp-json\/wp\/v2\/media\/14272"}],"wp:attachment":[{"href":"https:\/\/www.estrichboy.de\/fr\/wp-json\/wp\/v2\/media?parent=14271"}],"curies":[{"name":"wp","href":"https:\/\/api.w.org\/{rel}","templated":true}]}}