{"id":14278,"date":"2025-07-17T10:00:26","date_gmt":"2025-07-17T10:00:26","guid":{"rendered":"https:\/\/brinkmann.putzmeister-mortar.de\/chape-humide\/"},"modified":"2025-11-21T09:17:39","modified_gmt":"2025-11-21T09:17:39","slug":"chape-humide","status":"publish","type":"page","link":"https:\/\/www.estrichboy.de\/fr\/chape-humide\/","title":{"rendered":"Chape traditionelle"},"content":{"rendered":"\n<div class=\"wp-block-cover alignfull has-custom-content-position is-position-bottom-center mix-blend-mode-multiply has-white-color has-text-color has-link-color wp-elements-6163209e94d010f99c2a2abcfebc1fd2\" style=\"padding-top:var(--wp--preset--spacing--50);padding-bottom:var(--wp--preset--spacing--50);min-height:30rem;aspect-ratio:unset;\"><img loading=\"lazy\" decoding=\"async\" width=\"1920\" height=\"600\" class=\"wp-block-cover__image-background wp-image-13299 size-full\" alt=\"\" src=\"https:\/\/estrichboy.de\/wp-content\/uploads\/sites\/2\/2025\/07\/BM_Header_AnwendungEstrich.jpg\" data-object-fit=\"cover\" srcset=\"https:\/\/www.estrichboy.de\/wp-content\/uploads\/sites\/2\/2025\/07\/BM_Header_AnwendungEstrich.jpg 1920w, https:\/\/www.estrichboy.de\/wp-content\/uploads\/sites\/2\/2025\/07\/BM_Header_AnwendungEstrich-300x94.jpg 300w, https:\/\/www.estrichboy.de\/wp-content\/uploads\/sites\/2\/2025\/07\/BM_Header_AnwendungEstrich-1024x320.jpg 1024w, https:\/\/www.estrichboy.de\/wp-content\/uploads\/sites\/2\/2025\/07\/BM_Header_AnwendungEstrich-768x240.jpg 768w, https:\/\/www.estrichboy.de\/wp-content\/uploads\/sites\/2\/2025\/07\/BM_Header_AnwendungEstrich-1536x480.jpg 1536w, https:\/\/www.estrichboy.de\/wp-content\/uploads\/sites\/2\/2025\/07\/BM_Header_AnwendungEstrich-1200x375.jpg 1200w\" sizes=\"auto, (max-width: 1920px) 100vw, 1920px\" \/><span aria-hidden=\"true\" class=\"wp-block-cover__background has-background-dim wp-block-cover__gradient-background has-background-gradient has-hero-default-gradient-background\"><\/span><div class=\"wp-block-cover__inner-container has-global-padding is-layout-constrained wp-block-cover-is-layout-constrained\">\n<div class=\"wp-block-group alignwide container has-global-padding is-layout-constrained wp-block-group-is-layout-constrained\"><h5 style=\"font-style:normal;font-weight:600;\" class=\"has-text-align-left alignwide display-1 text-shadow d-none wp-block-post-title\">Chape traditionelle<\/h5>\n\n\n<h1 class=\"wp-block-heading alignwide display-1 text-shadow fw-bolder\"><\/h1>\n<\/div>\n<\/div><\/div>\n\n<div class=\"wp-block-group alignwide container is-layout-flow wp-block-group-is-layout-flow\" style=\"margin-top:var(--wp--preset--spacing--30);margin-bottom:var(--wp--preset--spacing--30)\">\n<div id=\"erdfeuchterestrich\" class=\"wp-block-group row gy-4 is-layout-flex wp-container-core-group-is-layout-6585d397 wp-block-group-is-layout-flex\" style=\"margin-top:var(--wp--preset--spacing--50);margin-bottom:var(--wp--preset--spacing--50)\">\n<div class=\"wp-block-group col-sm-4 col-lg-5 is-vertical is-layout-flex wp-container-core-group-is-layout-fe9cc265 wp-block-group-is-layout-flex\">\n<figure class=\"wp-block-image size-full\"><img loading=\"lazy\" decoding=\"async\" width=\"2560\" height=\"1440\" src=\"https:\/\/estrichboy.de\/wp-content\/uploads\/sites\/2\/2025\/07\/anw_erdfeuchter_estrich_169-scaled.jpg\" alt=\"D&#xE9;tail d'une chape humide\" class=\"wp-image-12339\" style=\"object-fit:contain\" srcset=\"https:\/\/www.estrichboy.de\/wp-content\/uploads\/sites\/2\/2025\/07\/anw_erdfeuchter_estrich_169-scaled.jpg 2560w, https:\/\/www.estrichboy.de\/wp-content\/uploads\/sites\/2\/2025\/07\/anw_erdfeuchter_estrich_169-300x169.jpg 300w, https:\/\/www.estrichboy.de\/wp-content\/uploads\/sites\/2\/2025\/07\/anw_erdfeuchter_estrich_169-1024x576.jpg 1024w, https:\/\/www.estrichboy.de\/wp-content\/uploads\/sites\/2\/2025\/07\/anw_erdfeuchter_estrich_169-768x432.jpg 768w, https:\/\/www.estrichboy.de\/wp-content\/uploads\/sites\/2\/2025\/07\/anw_erdfeuchter_estrich_169-1536x864.jpg 1536w, https:\/\/www.estrichboy.de\/wp-content\/uploads\/sites\/2\/2025\/07\/anw_erdfeuchter_estrich_169-2048x1152.jpg 2048w, https:\/\/www.estrichboy.de\/wp-content\/uploads\/sites\/2\/2025\/07\/anw_erdfeuchter_estrich_169-1200x675.jpg 1200w\" sizes=\"auto, (max-width: 2560px) 100vw, 2560px\" \/><\/figure>\n\n\n\n<figure class=\"wp-block-image size-full\"><img loading=\"lazy\" decoding=\"async\" width=\"1920\" height=\"1080\" src=\"https:\/\/estrichboy.de\/wp-content\/uploads\/sites\/2\/2025\/07\/anw_erdfeuchter_estrich2_169.jpg\" alt=\"Mise en place d'une chape &#xE0; consistance de terre humide\" class=\"wp-image-12775\" style=\"object-fit:contain\" srcset=\"https:\/\/www.estrichboy.de\/wp-content\/uploads\/sites\/2\/2025\/07\/anw_erdfeuchter_estrich2_169.jpg 1920w, https:\/\/www.estrichboy.de\/wp-content\/uploads\/sites\/2\/2025\/07\/anw_erdfeuchter_estrich2_169-300x169.jpg 300w, https:\/\/www.estrichboy.de\/wp-content\/uploads\/sites\/2\/2025\/07\/anw_erdfeuchter_estrich2_169-1024x576.jpg 1024w, https:\/\/www.estrichboy.de\/wp-content\/uploads\/sites\/2\/2025\/07\/anw_erdfeuchter_estrich2_169-768x432.jpg 768w, https:\/\/www.estrichboy.de\/wp-content\/uploads\/sites\/2\/2025\/07\/anw_erdfeuchter_estrich2_169-1536x864.jpg 1536w, https:\/\/www.estrichboy.de\/wp-content\/uploads\/sites\/2\/2025\/07\/anw_erdfeuchter_estrich2_169-1200x675.jpg 1200w\" sizes=\"auto, (max-width: 1920px) 100vw, 1920px\" \/><\/figure>\n<\/div>\n\n\n\n<div class=\"wp-block-group col is-vertical is-layout-flex wp-container-core-group-is-layout-2d729e81 wp-block-group-is-layout-flex\">\n<h2 class=\"wp-block-heading\"><strong>Chape Traditionelle<\/strong><\/h2>\n\n\n\n<p class=\"has-medium-font-size\" style=\"border-style:none;border-width:0px\"><strong>Transporter sans effort &#8211; jusqu&rsquo;\u00e0 200 m de distance<\/strong>.<\/p>\n\n\n\n<p>Malaxer et transporter correctement une chape traditionelle requiert l&rsquo;excellence technique. Les machines Brinkmann transportent par bouchons, ce qui permet de maintenir une r\u00e9partition stable des grains et de l&rsquo;humidit\u00e9, d&rsquo;\u00e9viter le m\u00e9lange des mat\u00e9riaux et de pr\u00e9venir les obstructions. Qu&rsquo;il s&rsquo;agisse d&rsquo;une pente, d&rsquo;un nivellement ou d&rsquo;une isolation, les machines Brinkmann cr\u00e9ent la meilleure base.  <\/p>\n\n\n\n<p class=\"has-medium-font-size\">EstrichBoy DC 260\/45, DC 260\/55 ou EC 260, id\u00e9al pour :<\/p>\n\n\n\n<ul class=\"wp-block-list\">\n<li>Chape en ciment<\/li>\n\n\n\n<li>Chape en sulfate de calcium (anhydrite)<\/li>\n\n\n\n<li>Chape de magn\u00e9sie<\/li>\n\n\n\n<li>Fond vibrant (en fonction de la consistance)<\/li>\n<\/ul>\n<\/div>\n<\/div>\n<\/div>\n\n<div class=\"wp-block-group alignwide container is-layout-flow wp-block-group-is-layout-flow\"><ul class=\"row row-cols-md-2 row-cols-xl-3 g-4 list-unstyled my-5\"><li class=\"product type-product post-14109 status-publish first instock product_cat-chape-traditionelle product_cat-transporteurs-malaxeurs has-post-thumbnail shipping-taxable product-type-simple\">\n    <a href=\"https:\/\/www.estrichboy.de\/fr\/produkt\/estrichboy-dc-260-45\/\" class=\"card h-100 shadow-none text-reset text-decoration-none\">\n        <div class=\"card-img-top bg-lighter text-center\">\n            <div class=\"ratio ratio-16x9\">\n                <img loading=\"lazy\" decoding=\"async\" width=\"768\" height=\"432\" src=\"https:\/\/www.estrichboy.de\/wp-content\/uploads\/sites\/2\/2025\/07\/DC260_schraeg-768x432.png\" class=\"h-100 object-fit-contain w-100 wp-post-image\" alt=\"\" srcset=\"https:\/\/www.estrichboy.de\/wp-content\/uploads\/sites\/2\/2025\/07\/DC260_schraeg-768x432.png 768w, https:\/\/www.estrichboy.de\/wp-content\/uploads\/sites\/2\/2025\/07\/DC260_schraeg-300x169.png 300w, https:\/\/www.estrichboy.de\/wp-content\/uploads\/sites\/2\/2025\/07\/DC260_schraeg-1024x576.png 1024w, https:\/\/www.estrichboy.de\/wp-content\/uploads\/sites\/2\/2025\/07\/DC260_schraeg-1536x864.png 1536w, https:\/\/www.estrichboy.de\/wp-content\/uploads\/sites\/2\/2025\/07\/DC260_schraeg-2048x1152.png 2048w, https:\/\/www.estrichboy.de\/wp-content\/uploads\/sites\/2\/2025\/07\/DC260_schraeg-1200x675.png 1200w\" sizes=\"auto, (max-width: 768px) 100vw, 768px\" \/>            <\/div>\n        <\/div>\n\n        <div class=\"card-body px-0 d-flex flex-column flex-fill\">\n            <h3 class=\"card-title h5 my-3\">ESTRICHBOY DC 260\/45<\/h3>\n            \n            \r\n    <ul class=\"machine-characteristics list-unstyled ps-0 d-flex flex-wrap flex-column row-gap-1\">\r\n                    <li class=\"product-delivery_rate row g-1\">\r\n                                    <div class=\"col-auto machine-characteristic-icon\">\r\n                        <svg width=\"30\" height=\"30\" xmlns=\"http:\/\/www.w3.org\/2000\/svg\">\r\n                            <use href=\"#delivery_rate\" fill=\"var(--pm-primary)\"\/>\r\n                        <\/svg>\r\n                    <\/div>\r\n                                <div class=\"col d-flex gap-1 text-end machine-characteristic-description\">\r\n\r\n                                <span class=\"flex-fill text-start machine-characteristic-label\">\r\n                        D\u00e9bit                    <\/span>\r\n                                        3,8 - 5,0 m\u00b3\/h                            <\/div>\r\n            <\/li>\r\n                    <li class=\"product-delivery_rate row g-1\">\r\n                                    <div class=\"col-auto machine-characteristic-icon\">\r\n                        <svg width=\"30\" height=\"30\" xmlns=\"http:\/\/www.w3.org\/2000\/svg\">\r\n                            <use href=\"#delivery_rate_vertical\" fill=\"var(--pm-primary)\"\/>\r\n                        <\/svg>\r\n                    <\/div>\r\n                                <div class=\"col d-flex gap-1 text-end machine-characteristic-description\">\r\n\r\n                                <span class=\"flex-fill text-start machine-characteristic-label\">\r\n                        Distance de transport horizontale                    <\/span>\r\n                                        jusqu&#039;\u00e0 180 m*                            <\/div>\r\n            <\/li>\r\n                    <li class=\"product-delivery_rate row g-1\">\r\n                                    <div class=\"col-auto machine-characteristic-icon\">\r\n                        <svg width=\"30\" height=\"30\" xmlns=\"http:\/\/www.w3.org\/2000\/svg\">\r\n                            <use href=\"#delivery_rate_horizontal\" fill=\"var(--pm-primary)\"\/>\r\n                        <\/svg>\r\n                    <\/div>\r\n                                <div class=\"col d-flex gap-1 text-end machine-characteristic-description\">\r\n\r\n                                <span class=\"flex-fill text-start machine-characteristic-label\">\r\n                        Distance de transport verticale                    <\/span>\r\n                                        jusqu&#039;\u00e0 90 m*                            <\/div>\r\n            <\/li>\r\n                    <li class=\"product-delivery_rate row g-1\">\r\n                                    <div class=\"col-auto machine-characteristic-icon\">\r\n                        <svg width=\"30\" height=\"30\" xmlns=\"http:\/\/www.w3.org\/2000\/svg\">\r\n                            <use href=\"#drive_type\" fill=\"var(--pm-primary)\"\/>\r\n                        <\/svg>\r\n                    <\/div>\r\n                                <div class=\"col d-flex gap-1 text-end machine-characteristic-description\">\r\n\r\n                                <span class=\"flex-fill text-start machine-characteristic-label\">\r\n                        Moteur                    <\/span>\r\n                                        Diesel, Deutz 36,4 kW                            <\/div>\r\n            <\/li>\r\n                    <li class=\"product-delivery_rate row g-1\">\r\n                                <div class=\"col d-flex gap-1 text-end machine-characteristic-description\">\r\n\r\n                                        <\/div>\r\n            <\/li>\r\n            <\/ul>\r\n\n                    <\/div>\n        <div class=\"btn btn-primary fs-125 fw-bold py-1 text-uppercase\">\n            Explore                    <\/div>\n    <\/a>\n<\/li><li class=\"product type-product post-14135 status-publish instock product_cat-chape-traditionelle product_cat-transporteurs-malaxeurs has-post-thumbnail shipping-taxable product-type-simple\">\n    <a href=\"https:\/\/www.estrichboy.de\/fr\/produkt\/estrichboy-dc-260-55\/\" class=\"card h-100 shadow-none text-reset text-decoration-none\">\n        <div class=\"card-img-top bg-lighter text-center\">\n            <div class=\"ratio ratio-16x9\">\n                <img loading=\"lazy\" decoding=\"async\" width=\"768\" height=\"432\" src=\"https:\/\/www.estrichboy.de\/wp-content\/uploads\/sites\/2\/2025\/07\/DC260_schraeg-768x432.png\" class=\"h-100 object-fit-contain w-100 wp-post-image\" alt=\"\" srcset=\"https:\/\/www.estrichboy.de\/wp-content\/uploads\/sites\/2\/2025\/07\/DC260_schraeg-768x432.png 768w, https:\/\/www.estrichboy.de\/wp-content\/uploads\/sites\/2\/2025\/07\/DC260_schraeg-300x169.png 300w, https:\/\/www.estrichboy.de\/wp-content\/uploads\/sites\/2\/2025\/07\/DC260_schraeg-1024x576.png 1024w, https:\/\/www.estrichboy.de\/wp-content\/uploads\/sites\/2\/2025\/07\/DC260_schraeg-1536x864.png 1536w, https:\/\/www.estrichboy.de\/wp-content\/uploads\/sites\/2\/2025\/07\/DC260_schraeg-2048x1152.png 2048w, https:\/\/www.estrichboy.de\/wp-content\/uploads\/sites\/2\/2025\/07\/DC260_schraeg-1200x675.png 1200w\" sizes=\"auto, (max-width: 768px) 100vw, 768px\" \/>            <\/div>\n        <\/div>\n\n        <div class=\"card-body px-0 d-flex flex-column flex-fill\">\n            <h3 class=\"card-title h5 my-3\">ESTRICHBOY DC 260\/55<\/h3>\n            \n            \r\n    <ul class=\"machine-characteristics list-unstyled ps-0 d-flex flex-wrap flex-column row-gap-1\">\r\n                    <li class=\"product-delivery_rate row g-1\">\r\n                                    <div class=\"col-auto machine-characteristic-icon\">\r\n                        <svg width=\"30\" height=\"30\" xmlns=\"http:\/\/www.w3.org\/2000\/svg\">\r\n                            <use href=\"#delivery_rate\" fill=\"var(--pm-primary)\"\/>\r\n                        <\/svg>\r\n                    <\/div>\r\n                                <div class=\"col d-flex gap-1 text-end machine-characteristic-description\">\r\n\r\n                                <span class=\"flex-fill text-start machine-characteristic-label\">\r\n                        D\u00e9bit                    <\/span>\r\n                                        4,0 - 5,2 m\u00b3\/h                            <\/div>\r\n            <\/li>\r\n                    <li class=\"product-delivery_rate row g-1\">\r\n                                    <div class=\"col-auto machine-characteristic-icon\">\r\n                        <svg width=\"30\" height=\"30\" xmlns=\"http:\/\/www.w3.org\/2000\/svg\">\r\n                            <use href=\"#delivery_rate_vertical\" fill=\"var(--pm-primary)\"\/>\r\n                        <\/svg>\r\n                    <\/div>\r\n                                <div class=\"col d-flex gap-1 text-end machine-characteristic-description\">\r\n\r\n                                <span class=\"flex-fill text-start machine-characteristic-label\">\r\n                        Distance de transport horizontale                    <\/span>\r\n                                        jusqu&#039;\u00e0 190 m*                            <\/div>\r\n            <\/li>\r\n                    <li class=\"product-delivery_rate row g-1\">\r\n                                    <div class=\"col-auto machine-characteristic-icon\">\r\n                        <svg width=\"30\" height=\"30\" xmlns=\"http:\/\/www.w3.org\/2000\/svg\">\r\n                            <use href=\"#delivery_rate_horizontal\" fill=\"var(--pm-primary)\"\/>\r\n                        <\/svg>\r\n                    <\/div>\r\n                                <div class=\"col d-flex gap-1 text-end machine-characteristic-description\">\r\n\r\n                                <span class=\"flex-fill text-start machine-characteristic-label\">\r\n                        Distance de transport verticale                    <\/span>\r\n                                        jusqu&#039;\u00e0 135 m*                            <\/div>\r\n            <\/li>\r\n                    <li class=\"product-delivery_rate row g-1\">\r\n                                    <div class=\"col-auto machine-characteristic-icon\">\r\n                        <svg width=\"30\" height=\"30\" xmlns=\"http:\/\/www.w3.org\/2000\/svg\">\r\n                            <use href=\"#drive_type\" fill=\"var(--pm-primary)\"\/>\r\n                        <\/svg>\r\n                    <\/div>\r\n                                <div class=\"col d-flex gap-1 text-end machine-characteristic-description\">\r\n\r\n                                <span class=\"flex-fill text-start machine-characteristic-label\">\r\n                        Moteur                    <\/span>\r\n                                        Diesel, Deutz 44,5 kW                            <\/div>\r\n            <\/li>\r\n                    <li class=\"product-delivery_rate row g-1\">\r\n                                <div class=\"col d-flex gap-1 text-end machine-characteristic-description\">\r\n\r\n                                        <\/div>\r\n            <\/li>\r\n            <\/ul>\r\n\n                    <\/div>\n        <div class=\"btn btn-primary fs-125 fw-bold py-1 text-uppercase\">\n            Explore                    <\/div>\n    <\/a>\n<\/li><li class=\"product type-product post-14125 status-publish instock product_cat-chape-traditionelle product_cat-transporteurs-malaxeurs has-post-thumbnail shipping-taxable product-type-simple\">\n    <a href=\"https:\/\/www.estrichboy.de\/fr\/produkt\/estrichboy-ec-260\/\" class=\"card h-100 shadow-none text-reset text-decoration-none\">\n        <div class=\"card-img-top bg-lighter text-center\">\n            <div class=\"ratio ratio-16x9\">\n                <img loading=\"lazy\" decoding=\"async\" width=\"768\" height=\"432\" src=\"https:\/\/www.estrichboy.de\/wp-content\/uploads\/sites\/2\/2025\/07\/EC260_schraeg-768x432.png\" class=\"h-100 object-fit-contain w-100 wp-post-image\" alt=\"\" srcset=\"https:\/\/www.estrichboy.de\/wp-content\/uploads\/sites\/2\/2025\/07\/EC260_schraeg-768x432.png 768w, https:\/\/www.estrichboy.de\/wp-content\/uploads\/sites\/2\/2025\/07\/EC260_schraeg-300x169.png 300w, https:\/\/www.estrichboy.de\/wp-content\/uploads\/sites\/2\/2025\/07\/EC260_schraeg-1024x576.png 1024w, https:\/\/www.estrichboy.de\/wp-content\/uploads\/sites\/2\/2025\/07\/EC260_schraeg-1536x864.png 1536w, https:\/\/www.estrichboy.de\/wp-content\/uploads\/sites\/2\/2025\/07\/EC260_schraeg-2048x1152.png 2048w, https:\/\/www.estrichboy.de\/wp-content\/uploads\/sites\/2\/2025\/07\/EC260_schraeg-1200x675.png 1200w\" sizes=\"auto, (max-width: 768px) 100vw, 768px\" \/>            <\/div>\n        <\/div>\n\n        <div class=\"card-body px-0 d-flex flex-column flex-fill\">\n            <h3 class=\"card-title h5 my-3\">ESTRICHBOY EC 260\/45<\/h3>\n            \n            \r\n    <ul class=\"machine-characteristics list-unstyled ps-0 d-flex flex-wrap flex-column row-gap-1\">\r\n                    <li class=\"product-delivery_rate row g-1\">\r\n                                    <div class=\"col-auto machine-characteristic-icon\">\r\n                        <svg width=\"30\" height=\"30\" xmlns=\"http:\/\/www.w3.org\/2000\/svg\">\r\n                            <use href=\"#delivery_rate\" fill=\"var(--pm-primary)\"\/>\r\n                        <\/svg>\r\n                    <\/div>\r\n                                <div class=\"col d-flex gap-1 text-end machine-characteristic-description\">\r\n\r\n                                <span class=\"flex-fill text-start machine-characteristic-label\">\r\n                        D\u00e9bit                    <\/span>\r\n                                        3,8 - 5,0 m\u00b3\/h                            <\/div>\r\n            <\/li>\r\n                    <li class=\"product-delivery_rate row g-1\">\r\n                                    <div class=\"col-auto machine-characteristic-icon\">\r\n                        <svg width=\"30\" height=\"30\" xmlns=\"http:\/\/www.w3.org\/2000\/svg\">\r\n                            <use href=\"#delivery_rate_vertical\" fill=\"var(--pm-primary)\"\/>\r\n                        <\/svg>\r\n                    <\/div>\r\n                                <div class=\"col d-flex gap-1 text-end machine-characteristic-description\">\r\n\r\n                                <span class=\"flex-fill text-start machine-characteristic-label\">\r\n                        Distance de transport horizontale                    <\/span>\r\n                                        jusqu&#039;\u00e0 180 m*                            <\/div>\r\n            <\/li>\r\n                    <li class=\"product-delivery_rate row g-1\">\r\n                                    <div class=\"col-auto machine-characteristic-icon\">\r\n                        <svg width=\"30\" height=\"30\" xmlns=\"http:\/\/www.w3.org\/2000\/svg\">\r\n                            <use href=\"#delivery_rate_horizontal\" fill=\"var(--pm-primary)\"\/>\r\n                        <\/svg>\r\n                    <\/div>\r\n                                <div class=\"col d-flex gap-1 text-end machine-characteristic-description\">\r\n\r\n                                <span class=\"flex-fill text-start machine-characteristic-label\">\r\n                        Distance de transport verticale                    <\/span>\r\n                                        jusqu&#039;\u00e0 90 m*                            <\/div>\r\n            <\/li>\r\n                    <li class=\"product-delivery_rate row g-1\">\r\n                                    <div class=\"col-auto machine-characteristic-icon\">\r\n                        <svg width=\"30\" height=\"30\" xmlns=\"http:\/\/www.w3.org\/2000\/svg\">\r\n                            <use href=\"#drive_type\" fill=\"var(--pm-primary)\"\/>\r\n                        <\/svg>\r\n                    <\/div>\r\n                                <div class=\"col d-flex gap-1 text-end machine-characteristic-description\">\r\n\r\n                                <span class=\"flex-fill text-start machine-characteristic-label\">\r\n                        Moteur                    <\/span>\r\n                                        \u00c9lectrique 37,0 kW                            <\/div>\r\n            <\/li>\r\n            <\/ul>\r\n\n                    <\/div>\n        <div class=\"btn btn-primary fs-125 fw-bold py-1 text-uppercase\">\n            Explore                    <\/div>\n    <\/a>\n<\/li><li class=\"product type-product post-14117 status-publish last instock product_cat-chape-traditionelle product_cat-lisseuse has-post-thumbnail shipping-taxable product-type-simple\">\n    <a href=\"https:\/\/www.estrichboy.de\/fr\/produkt\/lisseuse\/\" class=\"card h-100 shadow-none text-reset text-decoration-none\">\n        <div class=\"card-img-top bg-lighter text-center\">\n            <div class=\"ratio ratio-16x9\">\n                <img loading=\"lazy\" decoding=\"async\" width=\"768\" height=\"432\" src=\"https:\/\/www.estrichboy.de\/wp-content\/uploads\/sites\/2\/2025\/07\/TL_komplett_169-768x432.png\" class=\"h-100 object-fit-contain w-100 wp-post-image\" alt=\"\" srcset=\"https:\/\/www.estrichboy.de\/wp-content\/uploads\/sites\/2\/2025\/07\/TL_komplett_169-768x432.png 768w, https:\/\/www.estrichboy.de\/wp-content\/uploads\/sites\/2\/2025\/07\/TL_komplett_169-300x169.png 300w, https:\/\/www.estrichboy.de\/wp-content\/uploads\/sites\/2\/2025\/07\/TL_komplett_169-1024x576.png 1024w, https:\/\/www.estrichboy.de\/wp-content\/uploads\/sites\/2\/2025\/07\/TL_komplett_169-1536x864.png 1536w, https:\/\/www.estrichboy.de\/wp-content\/uploads\/sites\/2\/2025\/07\/TL_komplett_169-2048x1152.png 2048w, https:\/\/www.estrichboy.de\/wp-content\/uploads\/sites\/2\/2025\/07\/TL_komplett_169-1200x675.png 1200w\" sizes=\"auto, (max-width: 768px) 100vw, 768px\" \/>            <\/div>\n        <\/div>\n\n        <div class=\"card-body px-0 d-flex flex-column flex-fill\">\n            <h3 class=\"card-title h5 my-3\">LISSOIR TL<\/h3>\n            \n            \r\n    <ul class=\"machine-characteristics list-unstyled ps-0 d-flex flex-wrap flex-column row-gap-1\">\r\n                    <li class=\"product-delivery_rate row g-1\">\r\n                                <div class=\"col d-flex gap-1 text-end machine-characteristic-description\">\r\n\r\n                                        <\/div>\r\n            <\/li>\r\n            <\/ul>\r\n\n                    <\/div>\n        <div class=\"btn btn-primary fs-125 fw-bold py-1 text-uppercase\">\n            Explore                    <\/div>\n    <\/a>\n<\/li><\/ul>\n<\/div>\n","protected":false},"excerpt":{"rendered":"<p>Chape Traditionelle Transporter sans effort &#8211; jusqu&rsquo;\u00e0 200 m de distance. Malaxer et transporter correctement une chape traditionelle requiert l&rsquo;excellence technique. Les machines Brinkmann transportent par bouchons, ce qui permet de maintenir une r\u00e9partition stable des grains et de l&rsquo;humidit\u00e9, d&rsquo;\u00e9viter le m\u00e9lange des mat\u00e9riaux et de pr\u00e9venir les obstructions. Qu&rsquo;il s&rsquo;agisse d&rsquo;une pente, d&rsquo;un [&hellip;]<\/p>\n","protected":false},"author":3,"featured_media":0,"parent":0,"menu_order":2,"comment_status":"closed","ping_status":"closed","template":"","meta":{"footnotes":""},"class_list":["post-14278","page","type-page","status-publish","hentry"],"acf":[],"_links":{"self":[{"href":"https:\/\/www.estrichboy.de\/fr\/wp-json\/wp\/v2\/pages\/14278","targetHints":{"allow":["GET"]}}],"collection":[{"href":"https:\/\/www.estrichboy.de\/fr\/wp-json\/wp\/v2\/pages"}],"about":[{"href":"https:\/\/www.estrichboy.de\/fr\/wp-json\/wp\/v2\/types\/page"}],"author":[{"embeddable":true,"href":"https:\/\/www.estrichboy.de\/fr\/wp-json\/wp\/v2\/users\/3"}],"replies":[{"embeddable":true,"href":"https:\/\/www.estrichboy.de\/fr\/wp-json\/wp\/v2\/comments?post=14278"}],"version-history":[{"count":7,"href":"https:\/\/www.estrichboy.de\/fr\/wp-json\/wp\/v2\/pages\/14278\/revisions"}],"predecessor-version":[{"id":14855,"href":"https:\/\/www.estrichboy.de\/fr\/wp-json\/wp\/v2\/pages\/14278\/revisions\/14855"}],"wp:attachment":[{"href":"https:\/\/www.estrichboy.de\/fr\/wp-json\/wp\/v2\/media?parent=14278"}],"curies":[{"name":"wp","href":"https:\/\/api.w.org\/{rel}","templated":true}]}}