{"id":14287,"date":"2025-07-21T09:48:26","date_gmt":"2025-07-21T09:48:26","guid":{"rendered":"https:\/\/brinkmann.putzmeister-mortar.de\/service-pieces-de-rechange\/"},"modified":"2025-11-21T11:03:43","modified_gmt":"2025-11-21T11:03:43","slug":"service-pieces-de-rechange","status":"publish","type":"page","link":"https:\/\/www.estrichboy.de\/fr\/service-pieces-de-rechange\/","title":{"rendered":"Service &amp; pi\u00e8ces de rechange"},"content":{"rendered":"\n<div class=\"wp-block-group alignfull sticky-top content-nav has-global-padding is-layout-constrained wp-block-group-is-layout-constrained\">\n<div class=\"wp-block-group alignfull sticky-top has-white-background-color has-background has-global-padding is-layout-constrained wp-block-group-is-layout-constrained\" style=\"margin-top:0;margin-bottom:0\">\n<div class=\"wp-block-group alignwide is-layout-flow wp-block-group-is-layout-flow\" style=\"margin-top:0;margin-bottom:0\">\n<div class=\"wp-block-buttons alignwide row row-cols-2 row-cols-md-4 g-0 py-1 border-bottom border-primary border-3 is-horizontal is-layout-flex wp-block-buttons-is-layout-flex\">\n<div class=\"wp-block-button is-style-outline is-style-outline--1\"><a class=\"wp-block-button__link has-primary-color has-text-color has-link-color wp-element-button\" href=\"#service\">SERVICE<\/a><\/div>\n\n\n\n<div class=\"wp-block-button is-style-outline is-style-outline--2\"><a class=\"wp-block-button__link has-primary-color has-text-color has-link-color wp-element-button\" href=\"#ersatzteile\">PI\u00c8CES DE RECHANGE<\/a><\/div>\n\n\n\n<div class=\"wp-block-button is-style-outline is-style-outline--3\"><a class=\"wp-block-button__link has-primary-color has-text-color has-link-color wp-element-button\" href=\"#werkstatt\">ATELIER<\/a><\/div>\n\n\n\n<div class=\"wp-block-button is-style-outline is-style-outline--4\"><a class=\"wp-block-button__link has-primary-color has-text-color has-link-color wp-element-button\" href=\"#vertrieb\">DISTRIBUTION<\/a><\/div>\n<\/div>\n<\/div>\n<\/div>\n<\/div>\n\n\n\n<div class=\"wp-block-cover alignfull has-custom-content-position is-position-bottom-center mix-blend-mode-multiply mt-0 has-white-color has-text-color has-link-color wp-elements-8dea6a06133aa7cb2f795f0c565f491f\" style=\"padding-top:var(--wp--preset--spacing--50);padding-bottom:var(--wp--preset--spacing--50);min-height:30rem;aspect-ratio:unset;\"><img loading=\"lazy\" decoding=\"async\" width=\"2560\" height=\"795\" class=\"wp-block-cover__image-background wp-image-13475 size-full\" alt=\"Brinkmann Service\" src=\"https:\/\/estrichboy.de\/wp-content\/uploads\/sites\/2\/2025\/08\/BM_Header_SERVICE1-scaled.jpg\" style=\"object-position:64% 18%\" data-object-fit=\"cover\" data-object-position=\"64% 18%\" srcset=\"https:\/\/www.estrichboy.de\/wp-content\/uploads\/sites\/2\/2025\/08\/BM_Header_SERVICE1-scaled.jpg 2560w, https:\/\/www.estrichboy.de\/wp-content\/uploads\/sites\/2\/2025\/08\/BM_Header_SERVICE1-300x93.jpg 300w, https:\/\/www.estrichboy.de\/wp-content\/uploads\/sites\/2\/2025\/08\/BM_Header_SERVICE1-1024x318.jpg 1024w, https:\/\/www.estrichboy.de\/wp-content\/uploads\/sites\/2\/2025\/08\/BM_Header_SERVICE1-768x238.jpg 768w, https:\/\/www.estrichboy.de\/wp-content\/uploads\/sites\/2\/2025\/08\/BM_Header_SERVICE1-1536x477.jpg 1536w, https:\/\/www.estrichboy.de\/wp-content\/uploads\/sites\/2\/2025\/08\/BM_Header_SERVICE1-2048x636.jpg 2048w, https:\/\/www.estrichboy.de\/wp-content\/uploads\/sites\/2\/2025\/08\/BM_Header_SERVICE1-1200x373.jpg 1200w\" sizes=\"auto, (max-width: 2560px) 100vw, 2560px\" \/><span aria-hidden=\"true\" class=\"wp-block-cover__background has-background-dim wp-block-cover__gradient-background has-background-gradient has-hero-default-gradient-background\"><\/span><div class=\"wp-block-cover__inner-container has-global-padding is-layout-constrained wp-block-cover-is-layout-constrained\">\n<div class=\"wp-block-group alignwide container has-global-padding is-layout-constrained wp-block-group-is-layout-constrained\"><\/div>\n<\/div><\/div>\n\n\n\n<div class=\"wp-block-group alignwide container is-layout-flow wp-block-group-is-layout-flow\" style=\"margin-top:var(--wp--preset--spacing--50);margin-bottom:var(--wp--preset--spacing--50)\">\n<a name=\"service\"><\/a>\n\n\n\n<div class=\"wp-block-group row gy-4 mt-0 is-layout-flex wp-container-core-group-is-layout-4499aeab wp-block-group-is-layout-flex\" style=\"margin-bottom:var(--wp--preset--spacing--50)\">\n<div class=\"wp-block-group col-sm-4 col-lg-5 is-vertical is-layout-flex wp-container-core-group-is-layout-fe9cc265 wp-block-group-is-layout-flex\">\n<figure class=\"wp-block-image size-full\"><img loading=\"lazy\" decoding=\"async\" width=\"1920\" height=\"1080\" src=\"https:\/\/estrichboy.de\/wp-content\/uploads\/sites\/2\/2025\/07\/Service1_169.jpg\" alt=\"\" class=\"wp-image-13316\" style=\"aspect-ratio:16\/9;object-fit:contain\" srcset=\"https:\/\/www.estrichboy.de\/wp-content\/uploads\/sites\/2\/2025\/07\/Service1_169.jpg 1920w, https:\/\/www.estrichboy.de\/wp-content\/uploads\/sites\/2\/2025\/07\/Service1_169-300x169.jpg 300w, https:\/\/www.estrichboy.de\/wp-content\/uploads\/sites\/2\/2025\/07\/Service1_169-1024x576.jpg 1024w, https:\/\/www.estrichboy.de\/wp-content\/uploads\/sites\/2\/2025\/07\/Service1_169-768x432.jpg 768w, https:\/\/www.estrichboy.de\/wp-content\/uploads\/sites\/2\/2025\/07\/Service1_169-1536x864.jpg 1536w, https:\/\/www.estrichboy.de\/wp-content\/uploads\/sites\/2\/2025\/07\/Service1_169-1200x675.jpg 1200w\" sizes=\"auto, (max-width: 1920px) 100vw, 1920px\" \/><\/figure>\n<\/div>\n\n\n\n<div class=\"wp-block-group col is-vertical is-layout-flex wp-container-core-group-is-layout-d6b9ab57 wp-block-group-is-layout-flex\">\n<p class=\"has-primary-color has-text-color has-link-color has-medium-font-size wp-elements-b963005c54fe2b83443f0798ef03769f\">SERVICE<\/p>\n\n\n\n<h2 class=\"wp-block-heading col mt-0 has-x-large-font-size\"><strong><strong>Le service apr\u00e8s-vente ? Partout o\u00f9 vous avez besoin de nous <\/strong><\/strong><\/h2>\n\n\n\n<p>Que ce soit \u00e0 Paris, Vienne ou Abu Dhabi, avec des points de service dans plus de 150 pays dans le monde, dont une cinquantaine en France, nous sommes toujours proches de vous. Pour nous, le travail ne s&rsquo;arr\u00eate pas \u00e0 la livraison. Nous y restons &#8211; avec des ateliers, et des partenaires qui savent ce qu&rsquo;il faut faire. Rapide, comp\u00e9tent, fiable.   <\/p>\n<\/div>\n<\/div>\n\n\n\n<a name=\"ersatzteile\"><\/a>\n\n\n\n<div class=\"wp-block-group row gy-4 mt-0 is-layout-flex wp-container-core-group-is-layout-6585d397 wp-block-group-is-layout-flex\" style=\"margin-top:var(--wp--preset--spacing--50);margin-bottom:var(--wp--preset--spacing--50)\">\n<div class=\"wp-block-group col is-vertical is-layout-flex wp-container-core-group-is-layout-fe9cc265 wp-block-group-is-layout-flex\">\n<p class=\"has-primary-color has-text-color has-link-color has-medium-font-size wp-elements-d55f4ed1b0f71168490082258f53ec6e\">PI\u00c8CES DE RECHANGE<\/p>\n\n\n\n<h2 class=\"wp-block-heading has-x-large-font-size\"><strong>Les pi\u00e8ces d&rsquo;origine tiennent leurs promesses<\/strong><\/h2>\n\n\n\n<p>Quand on travaille dur, on a besoin de pi\u00e8ces de rechange. C&rsquo;est pr\u00e9cis\u00e9ment \u00e0 ce moment-l\u00e0 que nous sommes l\u00e0 : avec plus de 12 000 pi\u00e8ces d&rsquo;origine en stock et une livraison rapide pour une disponibilit\u00e9 maximale &#8211; m\u00eame pour les machines anciennes. Gr\u00e2ce au catalogue \u00e9lectronique de pi\u00e8ces d\u00e9tach\u00e9es et au num\u00e9ro de machine, nous trouvons la pi\u00e8ce ad\u00e9quate en un clin d&rsquo;\u0153il. Qu&rsquo;il s&rsquo;agisse de transporteurs de chape traditionnelle ou de pompes \u00e0 chape fluide, nos composants sont adapt\u00e9s aux conditions de chantier: pour une performance totale et une dur\u00e9e de vie maximale. Et gr\u00e2ce \u00e0 notre large gamme d&rsquo;accessoires, vous pouvez adapter votre machine en toute flexibilit\u00e9.    <\/p>\n<\/div>\n\n\n\n<div class=\"wp-block-group col-sm-4 col-lg-5 order-sm-1 is-vertical is-layout-flex wp-container-core-group-is-layout-fe9cc265 wp-block-group-is-layout-flex\">\n<figure class=\"wp-block-image size-large\"><img loading=\"lazy\" decoding=\"async\" width=\"1024\" height=\"576\" src=\"https:\/\/estrichboy.de\/wp-content\/uploads\/sites\/2\/2025\/08\/Ersatzteile_169-1024x576.jpg\" alt=\"\" class=\"wp-image-13464\" srcset=\"https:\/\/www.estrichboy.de\/wp-content\/uploads\/sites\/2\/2025\/08\/Ersatzteile_169-1024x576.jpg 1024w, https:\/\/www.estrichboy.de\/wp-content\/uploads\/sites\/2\/2025\/08\/Ersatzteile_169-300x169.jpg 300w, https:\/\/www.estrichboy.de\/wp-content\/uploads\/sites\/2\/2025\/08\/Ersatzteile_169-768x432.jpg 768w, https:\/\/www.estrichboy.de\/wp-content\/uploads\/sites\/2\/2025\/08\/Ersatzteile_169-1536x864.jpg 1536w, https:\/\/www.estrichboy.de\/wp-content\/uploads\/sites\/2\/2025\/08\/Ersatzteile_169-1200x675.jpg 1200w, https:\/\/www.estrichboy.de\/wp-content\/uploads\/sites\/2\/2025\/08\/Ersatzteile_169.jpg 1920w\" sizes=\"auto, (max-width: 1024px) 100vw, 1024px\" \/><\/figure>\n<\/div>\n<\/div>\n<\/div>\n\n\n\n<div class=\"wp-block-group alignfull container-fluid py-2 border-bottom border-primary border-15 has-lightergray-background-color has-background has-global-padding is-layout-constrained wp-block-group-is-layout-constrained\" style=\"margin-top:0\">\n<div class=\"wp-block-group alignwide row py-3 is-layout-flex wp-block-group-is-layout-flex wp-container-5 is-position-sticky\">\n<div class=\"wp-block-group col-md is-vertical is-layout-flex wp-container-core-group-is-layout-fe9cc265 wp-block-group-is-layout-flex\">\n<p>Un probl\u00e8me technique ou un besoin en pi\u00e8ces de rechange? Adressez-vous \u00e0 un distributeur de notre r\u00e9seau Brinkmann ou contactez-nous directement. <\/p>\n<\/div>\n\n\n\n<div class=\"wp-block-group col-lg-6 col-xl-8 is-vertical is-layout-flex wp-container-core-group-is-layout-fe9cc265 wp-block-group-is-layout-flex\">\n<div class=\"wp-block-group text-bg-primary p-3 w-100 has-global-padding is-layout-constrained wp-block-group-is-layout-constrained\">\n<div class=\"wp-block-group is-nowrap is-layout-flex wp-container-core-group-is-layout-6c531013 wp-block-group-is-layout-flex\">\n<figure class=\"wp-block-image size-full is-resized\"><img decoding=\"async\" src=\"https:\/\/estrichboy.de\/wp-content\/uploads\/sites\/2\/2025\/07\/hotline_white.svg\" alt=\"Ligne d'assistance Icon\" class=\"wp-image-12906\" style=\"width:80px\"\/><\/figure>\n\n\n\n<p class=\"lh-1 fs-225 has-white-color has-text-color has-link-color wp-elements-6dbb89dcca29ca9d5e98013c13327ba8\"><strong>SERVICE HOTLINE<br>+49 (0) 7127-599 699*<\/strong><\/p>\n<\/div>\n\n\n\n<div class=\"wp-block-group is-nowrap is-layout-flex wp-container-core-group-is-layout-6c531013 wp-block-group-is-layout-flex\">\n<figure class=\"wp-block-image size-full is-resized\"><img decoding=\"async\" src=\"https:\/\/estrichboy.de\/wp-content\/uploads\/sites\/2\/2025\/08\/mail_white.svg\" alt=\"Courrier \u00e9lectronique\" class=\"wp-image-13621\" style=\"width:80px\"\/><\/figure>\n\n\n\n<p class=\"lh-1 fs-225 mail-text has-white-color has-text-color has-link-color wp-elements-f564dd0485640624c844e4fdb58c7352\"><strong>SERVICE-E-MAIL<br>pmtservices@putzmeister.com<\/strong><\/p>\n<\/div>\n\n\n\n<p class=\"has-white-color has-text-color has-link-color has-small-font-size wp-elements-ea76551e175bef8ed0b2156b99285dbf\">*Ce num\u00e9ro d&rsquo;appel est gratuit depuis le r\u00e9seau fixe allemand. Pour les appels depuis l&rsquo;\u00e9tranger, les prix peuvent varier. <\/p>\n<\/div>\n<\/div>\n<\/div>\n<\/div>\n\n\n\n<div class=\"wp-block-group alignwide container is-layout-flow wp-block-group-is-layout-flow\">\n<a name=\"werkstatt\"><\/a>\n\n\n\n<div class=\"wp-block-group row gy-4 mt-0 is-layout-flex wp-container-core-group-is-layout-4499aeab wp-block-group-is-layout-flex\" style=\"margin-bottom:var(--wp--preset--spacing--50)\">\n<div class=\"wp-block-group col-sm-4 col-lg-5 is-vertical is-layout-flex wp-container-core-group-is-layout-fe9cc265 wp-block-group-is-layout-flex\">\n<figure class=\"wp-block-image size-full\"><img loading=\"lazy\" decoding=\"async\" width=\"1920\" height=\"1080\" src=\"https:\/\/estrichboy.de\/wp-content\/uploads\/sites\/2\/2025\/07\/Reparatur_169.jpg\" alt=\"\" class=\"wp-image-13221\" style=\"aspect-ratio:16\/9;object-fit:contain\" srcset=\"https:\/\/www.estrichboy.de\/wp-content\/uploads\/sites\/2\/2025\/07\/Reparatur_169.jpg 1920w, https:\/\/www.estrichboy.de\/wp-content\/uploads\/sites\/2\/2025\/07\/Reparatur_169-300x169.jpg 300w, https:\/\/www.estrichboy.de\/wp-content\/uploads\/sites\/2\/2025\/07\/Reparatur_169-1024x576.jpg 1024w, https:\/\/www.estrichboy.de\/wp-content\/uploads\/sites\/2\/2025\/07\/Reparatur_169-768x432.jpg 768w, https:\/\/www.estrichboy.de\/wp-content\/uploads\/sites\/2\/2025\/07\/Reparatur_169-1536x864.jpg 1536w, https:\/\/www.estrichboy.de\/wp-content\/uploads\/sites\/2\/2025\/07\/Reparatur_169-1200x675.jpg 1200w\" sizes=\"auto, (max-width: 1920px) 100vw, 1920px\" \/><\/figure>\n<\/div>\n\n\n\n<div class=\"wp-block-group col is-vertical is-layout-flex wp-container-core-group-is-layout-d6b9ab57 wp-block-group-is-layout-flex\">\n<p class=\"has-primary-color has-text-color has-link-color has-medium-font-size wp-elements-d6a8fea51a852e472eb4a4a8cf1ad848\">ATELIER<\/p>\n\n\n\n<h2 class=\"wp-block-heading col mt-0 has-x-large-font-size\"><strong><strong><strong><strong>La machine NE MARCHE PAS ?  <\/strong><\/strong><br><strong><strong>Nous sommes l\u00e0 pour vous.<\/strong><\/strong><\/strong><\/strong><\/h2>\n\n\n\n<p>Nos machines sont construites pour les utilisations les plus difficiles &#8211; mais m\u00eame la technique la plus robuste a besoin d&rsquo;entretien. Un entretien r\u00e9gulier prot\u00e8ge votre investissement. Nos \u00e9quipes du service technique connaissent chaque machine en d\u00e9tail, s&rsquo;occupent de votre probl\u00e8me et veillent \u00e0 ce que vous puissiez reprendre votre travail rapidement. Parce qu&rsquo;il est clair que sur un chantier, chaque minute compte.   <\/p>\n<\/div>\n<\/div>\n\n\n\n<a name=\"vertrieb\"><\/a>\n\n\n\n<div class=\"wp-block-group row gy-4 mt-0 is-horizontal is-layout-flex wp-container-core-group-is-layout-ac39487f wp-block-group-is-layout-flex\" style=\"margin-top:var(--wp--preset--spacing--50);margin-bottom:var(--wp--preset--spacing--50)\">\n<div class=\"wp-block-group col-sm-4 col-lg-5 order-sm-1 is-vertical is-layout-flex wp-container-core-group-is-layout-fe9cc265 wp-block-group-is-layout-flex\">\n<figure class=\"wp-block-image size-large\"><img loading=\"lazy\" decoding=\"async\" width=\"1024\" height=\"576\" src=\"https:\/\/estrichboy.de\/wp-content\/uploads\/sites\/2\/2025\/08\/Vertrieb_169-1024x576.jpg\" alt=\"Collaborateur de verrouillage de la soci\u00e9t\u00e9 Brinkmann sur le chantier\" class=\"wp-image-13460\" srcset=\"https:\/\/www.estrichboy.de\/wp-content\/uploads\/sites\/2\/2025\/08\/Vertrieb_169-1024x576.jpg 1024w, https:\/\/www.estrichboy.de\/wp-content\/uploads\/sites\/2\/2025\/08\/Vertrieb_169-300x169.jpg 300w, https:\/\/www.estrichboy.de\/wp-content\/uploads\/sites\/2\/2025\/08\/Vertrieb_169-768x432.jpg 768w, https:\/\/www.estrichboy.de\/wp-content\/uploads\/sites\/2\/2025\/08\/Vertrieb_169-1536x864.jpg 1536w, https:\/\/www.estrichboy.de\/wp-content\/uploads\/sites\/2\/2025\/08\/Vertrieb_169-1200x675.jpg 1200w, https:\/\/www.estrichboy.de\/wp-content\/uploads\/sites\/2\/2025\/08\/Vertrieb_169.jpg 1920w\" sizes=\"auto, (max-width: 1024px) 100vw, 1024px\" \/><\/figure>\n<\/div>\n\n\n\n<div class=\"wp-block-group col is-vertical is-layout-flex wp-container-core-group-is-layout-d6b9ab57 wp-block-group-is-layout-flex\">\n<p class=\"has-primary-color has-text-color has-link-color has-medium-font-size wp-elements-8c7ad7d512c4ee0ae07069759ef69a4e\">DISTRIBUTION<\/p>\n\n\n\n<h2 class=\"wp-block-heading has-x-large-font-size\"><strong><strong><strong>Apr\u00e8s l&rsquo;achat, VOUS POUVEZ COMPTER SUR NOTRE ASSISTANCE<\/strong><\/strong><\/strong><\/h2>\n\n\n\n<p>Vous pouvez compter sur nous. La marque Brinkmann est distribu\u00e9e par un r\u00e9seau mondial de filiales et de distributeurs sp\u00e9cialis\u00e9s dans les machines \u00e0 mortier. Nos interlocuteurs r\u00e9gionaux sont de v\u00e9ritables praticiens. Ils connaissent le b\u00e2timent, conseillent sur place et veillent \u00e0 ce que vous obteniez exactement la machine dont votre projet a besoin. Pour cela, nous proposons des formations pratiques, des formations d&rsquo;utilisateurs et un support technique &#8211; directement du fabricant.    <\/p>\n<\/div>\n<\/div>\n<\/div>\n","protected":false},"excerpt":{"rendered":"<p>SERVICE Le service apr\u00e8s-vente ? Partout o\u00f9 vous avez besoin de nous Que ce soit \u00e0 Paris, Vienne ou Abu Dhabi, avec des points de service dans plus de 150 pays dans le monde, dont une cinquantaine en France, nous sommes toujours proches de vous. Pour nous, le travail ne s&rsquo;arr\u00eate pas \u00e0 la livraison. [&hellip;]<\/p>\n","protected":false},"author":3,"featured_media":14272,"parent":0,"menu_order":2,"comment_status":"closed","ping_status":"closed","template":"","meta":{"footnotes":""},"class_list":["post-14287","page","type-page","status-publish","has-post-thumbnail","hentry"],"acf":[],"_links":{"self":[{"href":"https:\/\/www.estrichboy.de\/fr\/wp-json\/wp\/v2\/pages\/14287","targetHints":{"allow":["GET"]}}],"collection":[{"href":"https:\/\/www.estrichboy.de\/fr\/wp-json\/wp\/v2\/pages"}],"about":[{"href":"https:\/\/www.estrichboy.de\/fr\/wp-json\/wp\/v2\/types\/page"}],"author":[{"embeddable":true,"href":"https:\/\/www.estrichboy.de\/fr\/wp-json\/wp\/v2\/users\/3"}],"replies":[{"embeddable":true,"href":"https:\/\/www.estrichboy.de\/fr\/wp-json\/wp\/v2\/comments?post=14287"}],"version-history":[{"count":11,"href":"https:\/\/www.estrichboy.de\/fr\/wp-json\/wp\/v2\/pages\/14287\/revisions"}],"predecessor-version":[{"id":14871,"href":"https:\/\/www.estrichboy.de\/fr\/wp-json\/wp\/v2\/pages\/14287\/revisions\/14871"}],"wp:featuredmedia":[{"embeddable":true,"href":"https:\/\/www.estrichboy.de\/fr\/wp-json\/wp\/v2\/media\/14272"}],"wp:attachment":[{"href":"https:\/\/www.estrichboy.de\/fr\/wp-json\/wp\/v2\/media?parent=14287"}],"curies":[{"name":"wp","href":"https:\/\/api.w.org\/{rel}","templated":true}]}}