{"id":14297,"date":"2025-07-23T21:41:32","date_gmt":"2025-07-23T21:41:32","guid":{"rendered":"https:\/\/brinkmann.putzmeister-mortar.de\/chape-fluide\/"},"modified":"2025-11-21T09:21:28","modified_gmt":"2025-11-21T09:21:28","slug":"chape-fluide","status":"publish","type":"page","link":"https:\/\/www.estrichboy.de\/fr\/chape-fluide\/","title":{"rendered":"Chape fluide"},"content":{"rendered":"\n<div class=\"wp-block-cover alignfull has-custom-content-position is-position-bottom-center mix-blend-mode-multiply has-white-color has-text-color has-link-color wp-elements-243599819447ce69988e0591b0bd1a6f\" style=\"padding-top:var(--wp--preset--spacing--50);padding-bottom:var(--wp--preset--spacing--50);min-height:30rem;aspect-ratio:unset;\"><img loading=\"lazy\" decoding=\"async\" width=\"1920\" height=\"600\" class=\"wp-block-cover__image-background wp-image-13303 size-full\" alt=\"\" src=\"https:\/\/estrichboy.de\/wp-content\/uploads\/sites\/2\/2025\/07\/BM_Header_AnwendungFlies.jpg\" data-object-fit=\"cover\" srcset=\"https:\/\/www.estrichboy.de\/wp-content\/uploads\/sites\/2\/2025\/07\/BM_Header_AnwendungFlies.jpg 1920w, https:\/\/www.estrichboy.de\/wp-content\/uploads\/sites\/2\/2025\/07\/BM_Header_AnwendungFlies-300x94.jpg 300w, https:\/\/www.estrichboy.de\/wp-content\/uploads\/sites\/2\/2025\/07\/BM_Header_AnwendungFlies-1024x320.jpg 1024w, https:\/\/www.estrichboy.de\/wp-content\/uploads\/sites\/2\/2025\/07\/BM_Header_AnwendungFlies-768x240.jpg 768w, https:\/\/www.estrichboy.de\/wp-content\/uploads\/sites\/2\/2025\/07\/BM_Header_AnwendungFlies-1536x480.jpg 1536w, https:\/\/www.estrichboy.de\/wp-content\/uploads\/sites\/2\/2025\/07\/BM_Header_AnwendungFlies-1200x375.jpg 1200w\" sizes=\"auto, (max-width: 1920px) 100vw, 1920px\" \/><span aria-hidden=\"true\" class=\"wp-block-cover__background has-background-dim wp-block-cover__gradient-background has-background-gradient has-hero-default-gradient-background\"><\/span><div class=\"wp-block-cover__inner-container has-global-padding is-layout-constrained wp-block-cover-is-layout-constrained\">\n<div class=\"wp-block-group alignwide container has-global-padding is-layout-constrained wp-block-group-is-layout-constrained\"><h5 style=\"font-style:normal;font-weight:600;\" class=\"has-text-align-left alignwide display-1 text-shadow d-none wp-block-post-title\">Chape fluide<\/h5>\n\n\n<h1 class=\"wp-block-heading alignwide display-1 text-shadow fw-bolder\"><\/h1>\n<\/div>\n<\/div><\/div>\n\n<div class=\"wp-block-group alignwide container is-layout-flow wp-block-group-is-layout-flow\" style=\"margin-top:var(--wp--preset--spacing--30);margin-bottom:var(--wp--preset--spacing--30)\">\n<div id=\"fliessestrich\" class=\"wp-block-group row gy-4 is-layout-flex wp-container-core-group-is-layout-6585d397 wp-block-group-is-layout-flex\" style=\"margin-top:var(--wp--preset--spacing--50);margin-bottom:var(--wp--preset--spacing--50)\">\n<div class=\"wp-block-group col-sm-4 col-lg-5 order-sm-1 is-vertical is-layout-flex wp-container-core-group-is-layout-fe9cc265 wp-block-group-is-layout-flex\">\n<figure class=\"wp-block-image size-large\"><img loading=\"lazy\" decoding=\"async\" width=\"1024\" height=\"576\" src=\"https:\/\/estrichboy.de\/wp-content\/uploads\/sites\/2\/2025\/07\/anw_fliessestrich2_169-1024x576.jpg\" alt=\"D&#xE9;tail de la chape fluide\" class=\"wp-image-12771\" srcset=\"https:\/\/www.estrichboy.de\/wp-content\/uploads\/sites\/2\/2025\/07\/anw_fliessestrich2_169-1024x576.jpg 1024w, https:\/\/www.estrichboy.de\/wp-content\/uploads\/sites\/2\/2025\/07\/anw_fliessestrich2_169-300x169.jpg 300w, https:\/\/www.estrichboy.de\/wp-content\/uploads\/sites\/2\/2025\/07\/anw_fliessestrich2_169-768x432.jpg 768w, https:\/\/www.estrichboy.de\/wp-content\/uploads\/sites\/2\/2025\/07\/anw_fliessestrich2_169-1536x864.jpg 1536w, https:\/\/www.estrichboy.de\/wp-content\/uploads\/sites\/2\/2025\/07\/anw_fliessestrich2_169-1200x675.jpg 1200w, https:\/\/www.estrichboy.de\/wp-content\/uploads\/sites\/2\/2025\/07\/anw_fliessestrich2_169.jpg 1920w\" sizes=\"auto, (max-width: 1024px) 100vw, 1024px\" \/><\/figure>\n\n\n\n<figure class=\"wp-block-image size-large\"><img loading=\"lazy\" decoding=\"async\" width=\"1024\" height=\"576\" src=\"https:\/\/estrichboy.de\/wp-content\/uploads\/sites\/2\/2025\/07\/anw_fliessestrich1_169-1024x576.jpg\" alt=\"D&#xE9;tail de la chape fluide\" class=\"wp-image-12347\" srcset=\"https:\/\/www.estrichboy.de\/wp-content\/uploads\/sites\/2\/2025\/07\/anw_fliessestrich1_169-1024x576.jpg 1024w, https:\/\/www.estrichboy.de\/wp-content\/uploads\/sites\/2\/2025\/07\/anw_fliessestrich1_169-300x169.jpg 300w, https:\/\/www.estrichboy.de\/wp-content\/uploads\/sites\/2\/2025\/07\/anw_fliessestrich1_169-768x432.jpg 768w, https:\/\/www.estrichboy.de\/wp-content\/uploads\/sites\/2\/2025\/07\/anw_fliessestrich1_169-1536x864.jpg 1536w, https:\/\/www.estrichboy.de\/wp-content\/uploads\/sites\/2\/2025\/07\/anw_fliessestrich1_169-2048x1152.jpg 2048w, https:\/\/www.estrichboy.de\/wp-content\/uploads\/sites\/2\/2025\/07\/anw_fliessestrich1_169-1200x675.jpg 1200w\" sizes=\"auto, (max-width: 1024px) 100vw, 1024px\" \/><\/figure>\n<\/div>\n\n\n\n<div class=\"wp-block-group col is-vertical is-layout-flex wp-container-core-group-is-layout-fe9cc265 wp-block-group-is-layout-flex\">\n<h2 class=\"wp-block-heading has-x-large-font-size\">chape Fluide<\/h2>\n\n\n\n<p class=\"has-medium-font-size\"><strong>Pour une surface parfaitement plane &#8211;<\/strong> ce qui permet de gagner du temps et de m\u00e9nager les collaborateurs &#8211; et rend la chape fluide si populaire.<\/p>\n\n\n\n<p>Mais pour bien faire, il faut faire attention aux d\u00e9tails et cr\u00e9er les bonnes conditions. Pour que tout se passe bien, la FHS 250 pompe la chape fluide jusqu&rsquo;\u00e0 une granulom\u00e9trie de 8 mm sans \u00e0-coups.  <\/p>\n\n\n\n<p class=\"has-medium-font-size\">FHS 250, id\u00e9al pour :<\/p>\n\n\n\n<ul class=\"wp-block-list\">\n<li>Chape fluide en ciment<\/li>\n\n\n\n<li>Chape fluide anhydrite<\/li>\n<\/ul>\n<\/div>\n<\/div>\n<\/div>\n\n<div class=\"wp-block-group alignwide container is-layout-flow wp-block-group-is-layout-flow\" style=\"margin-top:0;margin-bottom:0\"><ul class=\"row row-cols-md-2 row-cols-xl-3 g-4 list-unstyled my-5\"><li class=\"product type-product post-14152 status-publish first instock product_cat-chape-fluide product_cat-pompes-a-chape-fluide has-post-thumbnail shipping-taxable product-type-simple\">\n    <a href=\"https:\/\/www.estrichboy.de\/fr\/produkt\/pompe-a-chape-fluide-fhs-250\/\" class=\"card h-100 shadow-none text-reset text-decoration-none\">\n        <div class=\"card-img-top bg-lighter text-center\">\n            <div class=\"ratio ratio-16x9\">\n                <img loading=\"lazy\" decoding=\"async\" width=\"768\" height=\"432\" src=\"https:\/\/www.estrichboy.de\/wp-content\/uploads\/sites\/2\/2025\/07\/gruppe_schnecke_16_9-768x432.png\" class=\"h-100 object-fit-contain w-100 wp-post-image\" alt=\"\" srcset=\"https:\/\/www.estrichboy.de\/wp-content\/uploads\/sites\/2\/2025\/07\/gruppe_schnecke_16_9-768x432.png 768w, https:\/\/www.estrichboy.de\/wp-content\/uploads\/sites\/2\/2025\/07\/gruppe_schnecke_16_9-300x169.png 300w, https:\/\/www.estrichboy.de\/wp-content\/uploads\/sites\/2\/2025\/07\/gruppe_schnecke_16_9-1024x576.png 1024w, https:\/\/www.estrichboy.de\/wp-content\/uploads\/sites\/2\/2025\/07\/gruppe_schnecke_16_9-1536x864.png 1536w, https:\/\/www.estrichboy.de\/wp-content\/uploads\/sites\/2\/2025\/07\/gruppe_schnecke_16_9-2048x1152.png 2048w, https:\/\/www.estrichboy.de\/wp-content\/uploads\/sites\/2\/2025\/07\/gruppe_schnecke_16_9-1200x675.png 1200w\" sizes=\"auto, (max-width: 768px) 100vw, 768px\" \/>            <\/div>\n        <\/div>\n\n        <div class=\"card-body px-0 d-flex flex-column flex-fill\">\n            <h3 class=\"card-title h5 my-3\">POMPE \u00c0 VIS FHS 250<\/h3>\n            \n            \r\n    <ul class=\"machine-characteristics list-unstyled ps-0 d-flex flex-wrap flex-column row-gap-1\">\r\n                    <li class=\"product-delivery_rate row g-1\">\r\n                                    <div class=\"col-auto machine-characteristic-icon\">\r\n                        <svg width=\"30\" height=\"30\" xmlns=\"http:\/\/www.w3.org\/2000\/svg\">\r\n                            <use href=\"#delivery_rate\" fill=\"var(--pm-primary)\"\/>\r\n                        <\/svg>\r\n                    <\/div>\r\n                                <div class=\"col d-flex gap-1 text-end machine-characteristic-description\">\r\n\r\n                                <span class=\"flex-fill text-start machine-characteristic-label\">\r\n                        D\u00e9bit                    <\/span>\r\n                                        jusqu&#039;\u00e0 20 m\u00b3\/h                            <\/div>\r\n            <\/li>\r\n                    <li class=\"product-delivery_rate row g-1\">\r\n                                    <div class=\"col-auto machine-characteristic-icon\">\r\n                        <svg width=\"30\" height=\"30\" xmlns=\"http:\/\/www.w3.org\/2000\/svg\">\r\n                            <use href=\"#delivery_rate_vertical\" fill=\"var(--pm-primary)\"\/>\r\n                        <\/svg>\r\n                    <\/div>\r\n                                <div class=\"col d-flex gap-1 text-end machine-characteristic-description\">\r\n\r\n                                <span class=\"flex-fill text-start machine-characteristic-label\">\r\n                        Distance de transport horizontale                    <\/span>\r\n                                        200 m                            <\/div>\r\n            <\/li>\r\n                    <li class=\"product-delivery_rate row g-1\">\r\n                                    <div class=\"col-auto machine-characteristic-icon\">\r\n                        <svg width=\"30\" height=\"30\" xmlns=\"http:\/\/www.w3.org\/2000\/svg\">\r\n                            <use href=\"#delivery_rate_horizontal\" fill=\"var(--pm-primary)\"\/>\r\n                        <\/svg>\r\n                    <\/div>\r\n                                <div class=\"col d-flex gap-1 text-end machine-characteristic-description\">\r\n\r\n                                <span class=\"flex-fill text-start machine-characteristic-label\">\r\n                        Distance de transport verticale                    <\/span>\r\n                                        60 m                            <\/div>\r\n            <\/li>\r\n                    <li class=\"product-delivery_rate row g-1\">\r\n                                    <div class=\"col-auto machine-characteristic-icon\">\r\n                        <svg width=\"30\" height=\"30\" xmlns=\"http:\/\/www.w3.org\/2000\/svg\">\r\n                            <use href=\"#drive_type\" fill=\"var(--pm-primary)\"\/>\r\n                        <\/svg>\r\n                    <\/div>\r\n                                <div class=\"col d-flex gap-1 text-end machine-characteristic-description\">\r\n\r\n                                <span class=\"flex-fill text-start machine-characteristic-label\">\r\n                        Moteur                    <\/span>\r\n                                        Diesel, 3 cylindres Kubota                            <\/div>\r\n            <\/li>\r\n            <\/ul>\r\n\n                    <\/div>\n        <div class=\"btn btn-primary fs-125 fw-bold py-1 text-uppercase\">\n            Explore                    <\/div>\n    <\/a>\n<\/li><\/ul>\n<\/div>\n","protected":false},"excerpt":{"rendered":"<p>chape Fluide Pour une surface parfaitement plane &#8211; ce qui permet de gagner du temps et de m\u00e9nager les collaborateurs &#8211; et rend la chape fluide si populaire. Mais pour bien faire, il faut faire attention aux d\u00e9tails et cr\u00e9er les bonnes conditions. Pour que tout se passe bien, la FHS 250 pompe la chape [&hellip;]<\/p>\n","protected":false},"author":3,"featured_media":0,"parent":0,"menu_order":2,"comment_status":"closed","ping_status":"closed","template":"","meta":{"footnotes":""},"class_list":["post-14297","page","type-page","status-publish","hentry"],"acf":[],"_links":{"self":[{"href":"https:\/\/www.estrichboy.de\/fr\/wp-json\/wp\/v2\/pages\/14297","targetHints":{"allow":["GET"]}}],"collection":[{"href":"https:\/\/www.estrichboy.de\/fr\/wp-json\/wp\/v2\/pages"}],"about":[{"href":"https:\/\/www.estrichboy.de\/fr\/wp-json\/wp\/v2\/types\/page"}],"author":[{"embeddable":true,"href":"https:\/\/www.estrichboy.de\/fr\/wp-json\/wp\/v2\/users\/3"}],"replies":[{"embeddable":true,"href":"https:\/\/www.estrichboy.de\/fr\/wp-json\/wp\/v2\/comments?post=14297"}],"version-history":[{"count":9,"href":"https:\/\/www.estrichboy.de\/fr\/wp-json\/wp\/v2\/pages\/14297\/revisions"}],"predecessor-version":[{"id":14859,"href":"https:\/\/www.estrichboy.de\/fr\/wp-json\/wp\/v2\/pages\/14297\/revisions\/14859"}],"wp:attachment":[{"href":"https:\/\/www.estrichboy.de\/fr\/wp-json\/wp\/v2\/media?parent=14297"}],"curies":[{"name":"wp","href":"https:\/\/api.w.org\/{rel}","templated":true}]}}