{"id":14299,"date":"2025-07-21T08:55:18","date_gmt":"2025-07-21T08:55:18","guid":{"rendered":"https:\/\/brinkmann.putzmeister-mortar.de\/a-propos-de-nous\/"},"modified":"2025-11-25T09:28:13","modified_gmt":"2025-11-25T09:28:13","slug":"a-propos-de-nous","status":"publish","type":"page","link":"https:\/\/www.estrichboy.de\/fr\/a-propos-de-nous\/","title":{"rendered":"\u00c0 propos de nous"},"content":{"rendered":"\n<div class=\"wp-block-group alignfull sticky-top content-nav has-global-padding is-layout-constrained wp-block-group-is-layout-constrained\">\n<div class=\"wp-block-group alignfull has-white-background-color has-background has-global-padding is-layout-constrained wp-block-group-is-layout-constrained\" style=\"margin-top:0;margin-bottom:0\">\n<div class=\"wp-block-group alignwide is-layout-flow wp-block-group-is-layout-flow\">\n<div class=\"wp-block-buttons alignwide row row-cols-md-3 g-0 py-1 border-bottom border-primary border-3 is-content-justification-space-between is-layout-flex wp-container-core-buttons-is-layout-9366075c wp-block-buttons-is-layout-flex\">\n<div class=\"wp-block-button is-style-outline is-style-outline--1\"><a class=\"wp-block-button__link has-primary-color has-text-color has-link-color wp-element-button\" href=\"#ueberuns\">\u00c0 PROPOS DE NOUS<\/a><\/div>\n\n\n\n<div class=\"wp-block-button is-style-outline is-style-outline--2\"><a class=\"wp-block-button__link has-primary-color has-text-color has-link-color wp-element-button\" href=\"#karriere\">CARRI\u00c8RE<\/a><\/div>\n\n\n\n<div class=\"wp-block-button is-style-outline is-style-outline--3\"><a class=\"wp-block-button__link has-primary-color has-text-color has-link-color wp-element-button\" href=\"#haendler\">DISTRIBUTEURS<\/a><\/div>\n<\/div>\n<\/div>\n<\/div>\n<\/div>\n\n\n\n<div class=\"wp-block-cover alignfull has-custom-content-position is-position-bottom-center mix-blend-mode-multiply mt-0 has-white-color has-text-color has-link-color wp-elements-107426805ebda7c13f476b1cc001ac28\" style=\"padding-top:var(--wp--preset--spacing--50);padding-bottom:var(--wp--preset--spacing--50);min-height:30rem;aspect-ratio:unset;\"><img loading=\"lazy\" decoding=\"async\" width=\"2560\" height=\"795\" class=\"wp-block-cover__image-background wp-image-13874 size-full\" alt=\"\" src=\"https:\/\/estrichboy.de\/wp-content\/uploads\/sites\/2\/2025\/10\/BM_Header_UEBER_UNS_v2-scaled.jpg\" data-object-fit=\"cover\" srcset=\"https:\/\/www.estrichboy.de\/wp-content\/uploads\/sites\/2\/2025\/10\/BM_Header_UEBER_UNS_v2-scaled.jpg 2560w, https:\/\/www.estrichboy.de\/wp-content\/uploads\/sites\/2\/2025\/10\/BM_Header_UEBER_UNS_v2-300x93.jpg 300w, https:\/\/www.estrichboy.de\/wp-content\/uploads\/sites\/2\/2025\/10\/BM_Header_UEBER_UNS_v2-1024x318.jpg 1024w, https:\/\/www.estrichboy.de\/wp-content\/uploads\/sites\/2\/2025\/10\/BM_Header_UEBER_UNS_v2-768x238.jpg 768w, https:\/\/www.estrichboy.de\/wp-content\/uploads\/sites\/2\/2025\/10\/BM_Header_UEBER_UNS_v2-1536x477.jpg 1536w, https:\/\/www.estrichboy.de\/wp-content\/uploads\/sites\/2\/2025\/10\/BM_Header_UEBER_UNS_v2-2048x636.jpg 2048w, https:\/\/www.estrichboy.de\/wp-content\/uploads\/sites\/2\/2025\/10\/BM_Header_UEBER_UNS_v2-1200x373.jpg 1200w\" sizes=\"auto, (max-width: 2560px) 100vw, 2560px\" \/><span aria-hidden=\"true\" class=\"wp-block-cover__background has-background-dim wp-block-cover__gradient-background has-background-gradient has-hero-default-gradient-background\"><\/span><div class=\"wp-block-cover__inner-container has-global-padding is-layout-constrained wp-block-cover-is-layout-constrained\">\n<div class=\"wp-block-group alignwide container has-global-padding is-layout-constrained wp-block-group-is-layout-constrained\"><\/div>\n<\/div><\/div>\n\n\n\n<div class=\"wp-block-group alignwide container is-layout-flow wp-block-group-is-layout-flow\" style=\"margin-top:var(--wp--preset--spacing--50);margin-bottom:var(--wp--preset--spacing--50)\">\n<a name=\"ueberuns\"><\/a>\n\n\n\n<div class=\"wp-block-group row gy-4 is-layout-flex wp-container-core-group-is-layout-6585d397 wp-block-group-is-layout-flex\" style=\"margin-top:var(--wp--preset--spacing--50);margin-bottom:var(--wp--preset--spacing--50)\">\n<div class=\"wp-block-group col-sm-4 col-lg-5 is-vertical is-layout-flex wp-container-core-group-is-layout-fe9cc265 wp-block-group-is-layout-flex\">\n<figure class=\"wp-block-image size-full\"><img loading=\"lazy\" decoding=\"async\" width=\"1272\" height=\"331\" src=\"https:\/\/estrichboy.de\/wp-content\/uploads\/sites\/2\/2025\/08\/Brinkmann_Logo_4c_2013-1.png\" alt=\"\" class=\"wp-image-13643\" style=\"aspect-ratio:16\/9;object-fit:contain\" srcset=\"https:\/\/www.estrichboy.de\/wp-content\/uploads\/sites\/2\/2025\/08\/Brinkmann_Logo_4c_2013-1.png 1272w, https:\/\/www.estrichboy.de\/wp-content\/uploads\/sites\/2\/2025\/08\/Brinkmann_Logo_4c_2013-1-300x78.png 300w, https:\/\/www.estrichboy.de\/wp-content\/uploads\/sites\/2\/2025\/08\/Brinkmann_Logo_4c_2013-1-1024x266.png 1024w, https:\/\/www.estrichboy.de\/wp-content\/uploads\/sites\/2\/2025\/08\/Brinkmann_Logo_4c_2013-1-768x200.png 768w, https:\/\/www.estrichboy.de\/wp-content\/uploads\/sites\/2\/2025\/08\/Brinkmann_Logo_4c_2013-1-1200x312.png 1200w\" sizes=\"auto, (max-width: 1272px) 100vw, 1272px\" \/><\/figure>\n<\/div>\n\n\n\n<div class=\"wp-block-group col is-vertical is-layout-flex wp-container-core-group-is-layout-d6b9ab57 wp-block-group-is-layout-flex\">\n<p class=\"has-primary-color has-text-color has-link-color has-medium-font-size wp-elements-e6461caab3a8346ba409dfef870806f0\">\u00c0 PROPOS DE NOUS<\/p>\n\n\n\n<h2 class=\"wp-block-heading has-x-large-font-size\">Brinkmann, MARQUE APPR\u00c9CI\u00c9E DES CLIENTS depuis 50 ans<\/h2>\n\n\n\n<p>Depuis pr\u00e8s de 50 ans, Brinkmann est reconnue pour la fiabilit\u00e9 de ses produits, qui sont faciles et s\u00fbrs \u00e0 utiliser et qui sont synonymes d&rsquo;un design fonctionnel et d&rsquo;une excellente compatibilit\u00e9 avec l&rsquo;environnement. Notre portefeuille comprend des machines pour les chapes traditionelles et les chapes fluides avec les marques de produits EstrichBoy et FHS. Leader europ\u00e9en dans le segment des machines pour chape, la marque Brinkmann fait partie du groupe Putzmeister depuis 2002 et continue \u00e0 \u00eatre exploit\u00e9e en tant que marque ind\u00e9pendante.<\/p>\n\n\n\n<p>Ce dont vous avez besoin, quand vous en avez besoin, o\u00f9 vous en avez besoin: c&rsquo;est ce que garantit un r\u00e9seau de distribution \u00e9tendu, des documents techniques clairs et des interlocuteurs qui aident vraiment. De plus, un traitement rapide des commandes, des d\u00e9lais de livraison courts pour les machines et les pi\u00e8ces de rechange &#8211; et tout cela \u00e0 des tarifs avantageux. <\/p>\n<\/div>\n<\/div>\n\n\n\n<a name=\"karriere\"><\/a>\n\n\n\n<div class=\"wp-block-group row gy-4 is-layout-flex wp-container-core-group-is-layout-6585d397 wp-block-group-is-layout-flex\" style=\"margin-top:var(--wp--preset--spacing--50);margin-bottom:var(--wp--preset--spacing--50)\">\n<div class=\"wp-block-group col-sm-4 col-lg-5 order-sm-1 is-vertical is-layout-flex wp-container-core-group-is-layout-fe9cc265 wp-block-group-is-layout-flex\">\n<figure class=\"wp-block-image size-large\"><img loading=\"lazy\" decoding=\"async\" width=\"1024\" height=\"576\" src=\"https:\/\/estrichboy.de\/wp-content\/uploads\/sites\/2\/2025\/08\/Karriere_169-1024x576.jpg\" alt=\"\" class=\"wp-image-13468\" srcset=\"https:\/\/www.estrichboy.de\/wp-content\/uploads\/sites\/2\/2025\/08\/Karriere_169-1024x576.jpg 1024w, https:\/\/www.estrichboy.de\/wp-content\/uploads\/sites\/2\/2025\/08\/Karriere_169-300x169.jpg 300w, https:\/\/www.estrichboy.de\/wp-content\/uploads\/sites\/2\/2025\/08\/Karriere_169-768x432.jpg 768w, https:\/\/www.estrichboy.de\/wp-content\/uploads\/sites\/2\/2025\/08\/Karriere_169-1536x864.jpg 1536w, https:\/\/www.estrichboy.de\/wp-content\/uploads\/sites\/2\/2025\/08\/Karriere_169-1200x675.jpg 1200w, https:\/\/www.estrichboy.de\/wp-content\/uploads\/sites\/2\/2025\/08\/Karriere_169.jpg 1920w\" sizes=\"auto, (max-width: 1024px) 100vw, 1024px\" \/><\/figure>\n<\/div>\n\n\n\n<div class=\"wp-block-group col is-vertical is-layout-flex wp-container-core-group-is-layout-d6b9ab57 wp-block-group-is-layout-flex\">\n<p class=\"has-primary-color has-text-color has-link-color has-medium-font-size wp-elements-1a9ee19d48947347a4a6c55af68a2e38\">CARRI\u00c8RE<\/p>\n\n\n\n<h2 class=\"wp-block-heading has-x-large-font-size\">Des bases solides pour ta carri\u00e8re<\/h2>\n\n\n\n<p>Vous avez envie de travailler chez nous et de participer \u00e0 l&rsquo;avenir de la construction ? Alors regardez les possibilit\u00e9s de carri\u00e8re chez nous. Qu&rsquo;il s&rsquo;agisse d&rsquo;un emploi fixe, d&rsquo;\u00e9tudes en alternance ou d&rsquo;un stage, l&rsquo;entr\u00e9e se fait par la plate-forme centrale d&#8217;emploi de Putzmeister Holding. Vous y trouverez les offres actuelles dans des domaines tels que la technique, le d\u00e9veloppement, les ventes ou l&rsquo;informatique. Ce qui vou attend? Un environnement de travail innovant, un contexte international, un v\u00e9ritable travail d&rsquo;\u00e9quipe et la possibilit\u00e9 de prendre des responsabilit\u00e9s &#8211; d\u00e8s le d\u00e9but.     <\/p>\n\n\n\n<p>Vous n\u2019avez rien trouv\u00e9 ? Alors n\u2019h\u00e9sitez pas \u00e0 envoyer votre candidature spontan\u00e9e \u00e0 karriere@estrichboy.de <\/p>\n<\/div>\n<\/div>\n\n\n\n<a name=\"haendler\"><\/a>\n\n\n\n<div class=\"wp-block-group row gy-4 is-layout-flex wp-container-core-group-is-layout-6585d397 wp-block-group-is-layout-flex\" style=\"margin-top:var(--wp--preset--spacing--50);margin-bottom:var(--wp--preset--spacing--50)\">\n<div class=\"wp-block-group col-sm-4 col-lg-5 is-vertical is-layout-flex wp-container-core-group-is-layout-fe9cc265 wp-block-group-is-layout-flex\">\n<figure class=\"wp-block-image size-full\"><img loading=\"lazy\" decoding=\"async\" width=\"1920\" height=\"1080\" src=\"https:\/\/estrichboy.de\/wp-content\/uploads\/sites\/2\/2025\/08\/Netzwerk_1691.jpg\" alt=\"\" class=\"wp-image-13485\" style=\"aspect-ratio:16\/9;object-fit:contain\" srcset=\"https:\/\/www.estrichboy.de\/wp-content\/uploads\/sites\/2\/2025\/08\/Netzwerk_1691.jpg 1920w, https:\/\/www.estrichboy.de\/wp-content\/uploads\/sites\/2\/2025\/08\/Netzwerk_1691-300x169.jpg 300w, https:\/\/www.estrichboy.de\/wp-content\/uploads\/sites\/2\/2025\/08\/Netzwerk_1691-1024x576.jpg 1024w, https:\/\/www.estrichboy.de\/wp-content\/uploads\/sites\/2\/2025\/08\/Netzwerk_1691-768x432.jpg 768w, https:\/\/www.estrichboy.de\/wp-content\/uploads\/sites\/2\/2025\/08\/Netzwerk_1691-1536x864.jpg 1536w, https:\/\/www.estrichboy.de\/wp-content\/uploads\/sites\/2\/2025\/08\/Netzwerk_1691-1200x675.jpg 1200w\" sizes=\"auto, (max-width: 1920px) 100vw, 1920px\" \/><\/figure>\n<\/div>\n\n\n\n<div class=\"wp-block-group col is-vertical is-layout-flex wp-container-core-group-is-layout-d6b9ab57 wp-block-group-is-layout-flex\">\n<p class=\"has-primary-color has-text-color has-link-color has-medium-font-size wp-elements-dde96fa8c731be5234804403f4768305\">RECHERCHER UN DISTRIBUTEUR<\/p>\n\n\n\n<h2 class=\"wp-block-heading has-x-large-font-size\">Un r\u00e9seau FORT, POUR UN SERVICE PERFORMANT <\/h2>\n\n\n\n<p>Les produits Brinkmann sont distribu\u00e9s par le biais d&rsquo;un r\u00e9seau dense de revendeurs sp\u00e9cialis\u00e9s agr\u00e9\u00e9s, en France et dans le monde entier. Cela permet d&rsquo;assurer des trajets courts, un conseil rapide et un approvisionnement fiable en pi\u00e8ces de rechange. <\/p>\n\n\n\n<p>Nos distributeurs ne se contentent pas de vendre des machines, ils s&rsquo;occupent \u00e9galement de la maintenance, du service et de la formation. Pour que cela se passe sans probl\u00e8me, ils sont r\u00e9guli\u00e8rement form\u00e9s dans l&rsquo;acad\u00e9mie Brinkmann &#8211; Aspects th\u00e9orique, technique et pratique directement sur la machine. <\/p>\n\n\n\n<div class=\"wp-block-buttons is-layout-flex wp-block-buttons-is-layout-flex\">\n<div class=\"wp-block-button is-style-filled-primary\"><a class=\"wp-block-button__link wp-element-button\" href=\"https:\/\/estrichboy.de\/fr\/trouver-un-revendeur\/\">TROUVER UN DISTRIBUTEUR<\/a><\/div>\n<\/div>\n<\/div>\n<\/div>\n<\/div>\n","protected":false},"excerpt":{"rendered":"<p>\u00c0 PROPOS DE NOUS Brinkmann, MARQUE APPR\u00c9CI\u00c9E DES CLIENTS depuis 50 ans Depuis pr\u00e8s de 50 ans, Brinkmann est reconnue pour la fiabilit\u00e9 de ses produits, qui sont faciles et s\u00fbrs \u00e0 utiliser et qui sont synonymes d&rsquo;un design fonctionnel et d&rsquo;une excellente compatibilit\u00e9 avec l&rsquo;environnement. Notre portefeuille comprend des machines pour les chapes traditionelles [&hellip;]<\/p>\n","protected":false},"author":3,"featured_media":14272,"parent":0,"menu_order":2,"comment_status":"closed","ping_status":"closed","template":"","meta":{"footnotes":""},"class_list":["post-14299","page","type-page","status-publish","has-post-thumbnail","hentry"],"acf":[],"_links":{"self":[{"href":"https:\/\/www.estrichboy.de\/fr\/wp-json\/wp\/v2\/pages\/14299","targetHints":{"allow":["GET"]}}],"collection":[{"href":"https:\/\/www.estrichboy.de\/fr\/wp-json\/wp\/v2\/pages"}],"about":[{"href":"https:\/\/www.estrichboy.de\/fr\/wp-json\/wp\/v2\/types\/page"}],"author":[{"embeddable":true,"href":"https:\/\/www.estrichboy.de\/fr\/wp-json\/wp\/v2\/users\/3"}],"replies":[{"embeddable":true,"href":"https:\/\/www.estrichboy.de\/fr\/wp-json\/wp\/v2\/comments?post=14299"}],"version-history":[{"count":6,"href":"https:\/\/www.estrichboy.de\/fr\/wp-json\/wp\/v2\/pages\/14299\/revisions"}],"predecessor-version":[{"id":14898,"href":"https:\/\/www.estrichboy.de\/fr\/wp-json\/wp\/v2\/pages\/14299\/revisions\/14898"}],"wp:featuredmedia":[{"embeddable":true,"href":"https:\/\/www.estrichboy.de\/fr\/wp-json\/wp\/v2\/media\/14272"}],"wp:attachment":[{"href":"https:\/\/www.estrichboy.de\/fr\/wp-json\/wp\/v2\/media?parent=14299"}],"curies":[{"name":"wp","href":"https:\/\/api.w.org\/{rel}","templated":true}]}}