{"id":14323,"date":"2023-05-09T13:23:08","date_gmt":"2023-05-09T13:23:08","guid":{"rendered":"https:\/\/brinkmann.putzmeister-mortar.de\/apercu-des-produits\/"},"modified":"2025-11-26T15:09:21","modified_gmt":"2025-11-26T15:09:21","slug":"apercu-des-produits","status":"publish","type":"page","link":"https:\/\/www.estrichboy.de\/fr\/apercu-des-produits\/","title":{"rendered":"Aper\u00e7u des produits"},"content":{"rendered":"\n<div class=\"wp-block-group alignfull sticky-top content-nav has-global-padding is-layout-constrained wp-block-group-is-layout-constrained\">\n<div class=\"wp-block-group alignfull has-white-background-color has-background has-global-padding is-layout-constrained wp-block-group-is-layout-constrained\" style=\"margin-top:0;margin-bottom:0\">\n<div class=\"wp-block-group alignwide is-layout-flow wp-block-group-is-layout-flow\">\n<div class=\"wp-block-buttons alignwide row row-cols-md-3 g-0 py-1 border-bottom border-primary border-3 is-content-justification-space-between is-layout-flex wp-container-core-buttons-is-layout-9366075c wp-block-buttons-is-layout-flex\">\n<div class=\"wp-block-button is-style-outline is-style-outline--1\"><a class=\"wp-block-button__link has-primary-color has-text-color has-link-color wp-element-button\" href=\"#druckluftfoerderer\">TRANSPORTEURS-MALAXEURS DE CHAPE TRADITIONELLE<\/a><\/div>\n\n\n\n<div class=\"wp-block-button is-style-outline is-style-outline--2\"><a class=\"wp-block-button__link has-primary-color has-text-color has-link-color wp-element-button\" href=\"#schneckenpumpen\">POMPES \u00c0 CHAPE FLUIDE<\/a><\/div>\n\n\n\n<div class=\"wp-block-button is-style-outline is-style-outline--3\"><a class=\"wp-block-button__link has-primary-color has-text-color has-link-color wp-element-button\" href=\"#glaettmaschinen\">LISSEUSES DE SOL<\/a><\/div>\n<\/div>\n<\/div>\n<\/div>\n<\/div>\n\n\n\n<div class=\"wp-block-cover alignfull has-custom-content-position is-position-bottom-center mix-blend-mode-multiply mt-0 has-white-color has-text-color has-link-color wp-elements-5fe00cd475cadad9e35e73f0591e1727\" style=\"padding-top:var(--wp--preset--spacing--50);padding-bottom:var(--wp--preset--spacing--50);min-height:30rem;aspect-ratio:unset;\"><img loading=\"lazy\" decoding=\"async\" width=\"2560\" height=\"795\" class=\"wp-block-cover__image-background wp-image-13430 size-full\" alt=\"\u00dcbersicht Brinkmann Produkte\" src=\"https:\/\/estrichboy.de\/wp-content\/uploads\/sites\/2\/2025\/08\/BM_Header_Produktuebersicht1-scaled.jpg\" data-object-fit=\"cover\" srcset=\"https:\/\/www.estrichboy.de\/wp-content\/uploads\/sites\/2\/2025\/08\/BM_Header_Produktuebersicht1-scaled.jpg 2560w, https:\/\/www.estrichboy.de\/wp-content\/uploads\/sites\/2\/2025\/08\/BM_Header_Produktuebersicht1-300x93.jpg 300w, https:\/\/www.estrichboy.de\/wp-content\/uploads\/sites\/2\/2025\/08\/BM_Header_Produktuebersicht1-1024x318.jpg 1024w, https:\/\/www.estrichboy.de\/wp-content\/uploads\/sites\/2\/2025\/08\/BM_Header_Produktuebersicht1-768x238.jpg 768w, https:\/\/www.estrichboy.de\/wp-content\/uploads\/sites\/2\/2025\/08\/BM_Header_Produktuebersicht1-1536x477.jpg 1536w, https:\/\/www.estrichboy.de\/wp-content\/uploads\/sites\/2\/2025\/08\/BM_Header_Produktuebersicht1-2048x636.jpg 2048w, https:\/\/www.estrichboy.de\/wp-content\/uploads\/sites\/2\/2025\/08\/BM_Header_Produktuebersicht1-1200x373.jpg 1200w\" sizes=\"auto, (max-width: 2560px) 100vw, 2560px\" \/><span aria-hidden=\"true\" class=\"wp-block-cover__background has-background-dim wp-block-cover__gradient-background has-background-gradient has-hero-default-gradient-background\"><\/span><div class=\"wp-block-cover__inner-container has-global-padding is-layout-constrained wp-block-cover-is-layout-constrained\">\n<p><\/p>\n<\/div><\/div>\n\n\n\n<div class=\"wp-block-group alignwide container is-layout-flow wp-block-group-is-layout-flow\" style=\"margin-top:var(--wp--preset--spacing--50);margin-bottom:var(--wp--preset--spacing--50)\">\n<a name=\"druckluftfoerderer\"><\/a>\n\n\n\n<div class=\"wp-block-group row gy-4 mt-0 is-layout-flex wp-block-group-is-layout-flex\" style=\"margin-top:var(--wp--preset--spacing--40);margin-bottom:var(--wp--preset--spacing--40)\">\n<div class=\"wp-block-group col-sm-4 col-lg-5 order-sm-1 is-vertical is-layout-flex wp-container-core-group-is-layout-fe9cc265 wp-block-group-is-layout-flex\">\n<figure class=\"wp-block-image size-large\"><img loading=\"lazy\" decoding=\"async\" width=\"1024\" height=\"576\" src=\"https:\/\/estrichboy.de\/wp-content\/uploads\/sites\/2\/2025\/08\/gruppe_druckluftfoerder2_16_9-1024x576.png\" alt=\"\" class=\"wp-image-13434\" srcset=\"https:\/\/www.estrichboy.de\/wp-content\/uploads\/sites\/2\/2025\/08\/gruppe_druckluftfoerder2_16_9-1024x576.png 1024w, https:\/\/www.estrichboy.de\/wp-content\/uploads\/sites\/2\/2025\/08\/gruppe_druckluftfoerder2_16_9-300x169.png 300w, https:\/\/www.estrichboy.de\/wp-content\/uploads\/sites\/2\/2025\/08\/gruppe_druckluftfoerder2_16_9-768x432.png 768w, https:\/\/www.estrichboy.de\/wp-content\/uploads\/sites\/2\/2025\/08\/gruppe_druckluftfoerder2_16_9-1536x864.png 1536w, https:\/\/www.estrichboy.de\/wp-content\/uploads\/sites\/2\/2025\/08\/gruppe_druckluftfoerder2_16_9-1200x675.png 1200w, https:\/\/www.estrichboy.de\/wp-content\/uploads\/sites\/2\/2025\/08\/gruppe_druckluftfoerder2_16_9.png 1920w\" sizes=\"auto, (max-width: 1024px) 100vw, 1024px\" \/><\/figure>\n<\/div>\n\n\n\n<div class=\"wp-block-group col is-vertical is-layout-flex wp-container-core-group-is-layout-d6b9ab57 wp-block-group-is-layout-flex\">\n<h2 class=\"wp-block-heading has-x-large-font-size\">TRANSPORTEURS-MALAXEURS DE CHAPE TRADITIONELLE<\/h2>\n\n\n\n<p class=\"has-medium-font-size\">Puissance et fiabilit\u00e9 &#8211; au diesel ou \u00e0 l&rsquo;\u00e9lectricit\u00e9<\/p>\n\n\n\n<p>La nouvelle EstrichBoy Generation 260 fournit ce dont les professionnels ont besoin : un d\u00e9bit \u00e9lev\u00e9, une utilisation simple et une fiabilit\u00e9 sans compromis &#8211; qu&rsquo;elle soit \u00e9lectrique ou diesel.<\/p>\n\n\n\n<p>La EC 260\/45 enti\u00e8rement \u00e9lectrique convainc par son efficacit\u00e9, sa technique intelligente et son faible poids. Elle est id\u00e9ale pour tous ceux qui veulent travailler silencieusement, proprement et de mani\u00e8re flexible. Ceux qui souhaitent une puissance permanente \u00e9prouv\u00e9e opteront pour les variantes diesel DC 260\/45 ou DC 260\/55 : robustes, faciles \u00e0 entretenir et durables.<\/p>\n\n\n\n<div class=\"wp-block-buttons is-layout-flex wp-block-buttons-is-layout-flex\">\n<div class=\"wp-block-button is-style-filled-primary\"><a class=\"wp-block-button__link wp-element-button\" href=\"https:\/\/estrichboy.de\/fr\/produkte\/machines\/transporteurs-malaxeurs\/\">TRANSPORTEURS-MALAXEURS DE CHAPE TRADITIONELLE<\/a><\/div>\n<\/div>\n<\/div>\n<\/div>\n\n\n\n<a name=\"schneckenpumpen\"><\/a>\n\n\n\n<div class=\"wp-block-group row gy-4 mt-0 is-layout-flex wp-block-group-is-layout-flex\" style=\"margin-top:var(--wp--preset--spacing--40);margin-bottom:var(--wp--preset--spacing--40)\">\n<div class=\"wp-block-group col-sm-4 col-lg-5 is-vertical is-layout-flex wp-container-core-group-is-layout-fe9cc265 wp-block-group-is-layout-flex\">\n<figure class=\"wp-block-image size-full\"><img loading=\"lazy\" decoding=\"async\" width=\"2560\" height=\"1440\" src=\"https:\/\/estrichboy.de\/wp-content\/uploads\/sites\/2\/2025\/07\/gruppe_schnecke_16_9-scaled.png\" alt=\"\" class=\"wp-image-13171\" style=\"aspect-ratio:16\/9;object-fit:contain\" srcset=\"https:\/\/www.estrichboy.de\/wp-content\/uploads\/sites\/2\/2025\/07\/gruppe_schnecke_16_9-scaled.png 2560w, https:\/\/www.estrichboy.de\/wp-content\/uploads\/sites\/2\/2025\/07\/gruppe_schnecke_16_9-300x169.png 300w, https:\/\/www.estrichboy.de\/wp-content\/uploads\/sites\/2\/2025\/07\/gruppe_schnecke_16_9-1024x576.png 1024w, https:\/\/www.estrichboy.de\/wp-content\/uploads\/sites\/2\/2025\/07\/gruppe_schnecke_16_9-768x432.png 768w, https:\/\/www.estrichboy.de\/wp-content\/uploads\/sites\/2\/2025\/07\/gruppe_schnecke_16_9-1536x864.png 1536w, https:\/\/www.estrichboy.de\/wp-content\/uploads\/sites\/2\/2025\/07\/gruppe_schnecke_16_9-2048x1152.png 2048w, https:\/\/www.estrichboy.de\/wp-content\/uploads\/sites\/2\/2025\/07\/gruppe_schnecke_16_9-1200x675.png 1200w\" sizes=\"auto, (max-width: 2560px) 100vw, 2560px\" \/><\/figure>\n<\/div>\n\n\n\n<div class=\"wp-block-group col is-vertical is-layout-flex wp-container-core-group-is-layout-d6b9ab57 wp-block-group-is-layout-flex\">\n<h2 class=\"wp-block-heading has-x-large-font-size\">Pompes \u00e0 chape fluide<\/h2>\n\n\n\n<p class=\"has-medium-font-size\">Chape fluide \u2013 Machines \u00e9quip\u00e9es de vis jaquette<\/p>\n\n\n\n<p>Plus de puissance, plus de rendement : La FHS 250 am\u00e8ne la chape fluide exactement l\u00e0 o\u00f9 tu en as besoin &#8211; avec une puissance diesel de 37 kW. Gr\u00e2ce \u00e0 un syst\u00e8me hydraulique bien pens\u00e9 et \u00e0 des pompes \u00e0 vis jusqu&rsquo;\u00e0 2L8, les mat\u00e9riaux d&rsquo;une granulom\u00e9trie allant jusqu&rsquo;\u00e0 12 mm passent proprement &#8211; confortablement au lieu de faire transpirer. <\/p>\n\n\n\n<div class=\"wp-block-buttons is-layout-flex wp-block-buttons-is-layout-flex\">\n<div class=\"wp-block-button is-style-filled-primary\"><a class=\"wp-block-button__link wp-element-button\" href=\"https:\/\/estrichboy.de\/fr\/produkte\/machines\/pompes-a-chape-fluide\/\">POMPES \u00c0 CHAPE FLUIDE<\/a><\/div>\n<\/div>\n<\/div>\n<\/div>\n\n\n\n<a name=\"glaettmaschinen\"><\/a>\n\n\n\n<div class=\"wp-block-group row gy-4 mt-0 is-layout-flex wp-block-group-is-layout-flex\" style=\"margin-top:var(--wp--preset--spacing--40);margin-bottom:var(--wp--preset--spacing--40)\">\n<div class=\"wp-block-group col is-vertical is-layout-flex wp-container-core-group-is-layout-d6b9ab57 wp-block-group-is-layout-flex\">\n<h2 class=\"wp-block-heading has-x-large-font-size\">LISSEUSES DE SOL<\/h2>\n\n\n\n<p class=\"has-medium-font-size\">Fonctionne en douceur &#8211; avec c\u00e2ble<\/p>\n\n\n\n<p>Notre talocheuse TL met la chape, le b\u00e9ton et les sols industriels au m\u00eame niveau &#8211; rapidement, proprement et sans se faire mal au dos. Avec c\u00e2ble signifie : performance continue sans compromis avec des plateaux de lissage interchangeables. <\/p>\n\n\n\n<div class=\"wp-block-buttons is-layout-flex wp-block-buttons-is-layout-flex\">\n<div class=\"wp-block-button is-style-filled-primary\"><a class=\"wp-block-button__link wp-element-button\" href=\"https:\/\/estrichboy.de\/fr\/produkte\/machines\/lisseuse\/\">LISSEUSES DE SOL<\/a><\/div>\n<\/div>\n<\/div>\n\n\n\n<div class=\"wp-block-group col-sm-4 col-lg-5 is-vertical is-layout-flex wp-container-core-group-is-layout-fe9cc265 wp-block-group-is-layout-flex\">\n<figure class=\"wp-block-image size-full\"><img loading=\"lazy\" decoding=\"async\" width=\"1920\" height=\"1080\" src=\"https:\/\/estrichboy.de\/wp-content\/uploads\/sites\/2\/2025\/08\/gruppe_glaett2_16_9.png\" alt=\"Lisseuse Brinkmann\" class=\"wp-image-13438\" style=\"aspect-ratio:16\/9;object-fit:contain\" srcset=\"https:\/\/www.estrichboy.de\/wp-content\/uploads\/sites\/2\/2025\/08\/gruppe_glaett2_16_9.png 1920w, https:\/\/www.estrichboy.de\/wp-content\/uploads\/sites\/2\/2025\/08\/gruppe_glaett2_16_9-300x169.png 300w, https:\/\/www.estrichboy.de\/wp-content\/uploads\/sites\/2\/2025\/08\/gruppe_glaett2_16_9-1024x576.png 1024w, https:\/\/www.estrichboy.de\/wp-content\/uploads\/sites\/2\/2025\/08\/gruppe_glaett2_16_9-768x432.png 768w, https:\/\/www.estrichboy.de\/wp-content\/uploads\/sites\/2\/2025\/08\/gruppe_glaett2_16_9-1536x864.png 1536w, https:\/\/www.estrichboy.de\/wp-content\/uploads\/sites\/2\/2025\/08\/gruppe_glaett2_16_9-1200x675.png 1200w\" sizes=\"auto, (max-width: 1920px) 100vw, 1920px\" \/><\/figure>\n<\/div>\n<\/div>\n<\/div>\n","protected":false},"excerpt":{"rendered":"<p>TRANSPORTEURS-MALAXEURS DE CHAPE TRADITIONELLE Puissance et fiabilit\u00e9 &#8211; au diesel ou \u00e0 l&rsquo;\u00e9lectricit\u00e9 La nouvelle EstrichBoy Generation 260 fournit ce dont les professionnels ont besoin : un d\u00e9bit \u00e9lev\u00e9, une utilisation simple et une fiabilit\u00e9 sans compromis &#8211; qu&rsquo;elle soit \u00e9lectrique ou diesel. La EC 260\/45 enti\u00e8rement \u00e9lectrique convainc par son efficacit\u00e9, sa technique intelligente [&hellip;]<\/p>\n","protected":false},"author":1,"featured_media":0,"parent":0,"menu_order":2,"comment_status":"closed","ping_status":"closed","template":"","meta":{"footnotes":""},"class_list":["post-14323","page","type-page","status-publish","hentry"],"acf":[],"_links":{"self":[{"href":"https:\/\/www.estrichboy.de\/fr\/wp-json\/wp\/v2\/pages\/14323","targetHints":{"allow":["GET"]}}],"collection":[{"href":"https:\/\/www.estrichboy.de\/fr\/wp-json\/wp\/v2\/pages"}],"about":[{"href":"https:\/\/www.estrichboy.de\/fr\/wp-json\/wp\/v2\/types\/page"}],"author":[{"embeddable":true,"href":"https:\/\/www.estrichboy.de\/fr\/wp-json\/wp\/v2\/users\/1"}],"replies":[{"embeddable":true,"href":"https:\/\/www.estrichboy.de\/fr\/wp-json\/wp\/v2\/comments?post=14323"}],"version-history":[{"count":36,"href":"https:\/\/www.estrichboy.de\/fr\/wp-json\/wp\/v2\/pages\/14323\/revisions"}],"predecessor-version":[{"id":14905,"href":"https:\/\/www.estrichboy.de\/fr\/wp-json\/wp\/v2\/pages\/14323\/revisions\/14905"}],"wp:attachment":[{"href":"https:\/\/www.estrichboy.de\/fr\/wp-json\/wp\/v2\/media?parent=14323"}],"curies":[{"name":"wp","href":"https:\/\/api.w.org\/{rel}","templated":true}]}}