{"id":14117,"date":"2025-07-20T20:42:41","date_gmt":"2025-07-20T20:42:41","guid":{"rendered":"https:\/\/brinkmann.putzmeister-mortar.de\/produkt\/lissoir-tl\/"},"modified":"2025-11-21T08:57:50","modified_gmt":"2025-11-21T08:57:50","slug":"lisseuse","status":"publish","type":"product","link":"https:\/\/www.estrichboy.de\/fr\/produkt\/lisseuse\/","title":{"rendered":"LISSOIR TL"},"content":{"rendered":"<h2>La machine \u00e0 lisser pour les professionnels<\/h2>\n<ul>\n<li>Pour lisser et compacter les chapes composites et sp\u00e9ciales, les surfaces en b\u00e9ton et les sols industriels<\/li>\n<li>Remplacement rapide et facile du plateau de la talocheuse-lisseuse gr\u00e2ce \u00e0 4 \u00e9crous \u00e0 oreilles<\/li>\n<li>Plateau de lissage amovible pour le transport<\/li>\n<\/ul>\n","protected":false},"excerpt":{"rendered":"<p>La machine \u00e0 lisser pour les professionnels Pour lisser et compacter les chapes composites et sp\u00e9ciales, les surfaces en b\u00e9ton et les sols industriels Remplacement rapide et facile du plateau de la talocheuse-lisseuse gr\u00e2ce \u00e0 4 \u00e9crous \u00e0 oreilles Plateau de lissage amovible pour le transport<\/p>\n","protected":false},"featured_media":14124,"template":"","meta":[],"product_brand":[],"product_cat":[404,402],"product_tag":[],"class_list":{"0":"post-14117","1":"product","2":"type-product","3":"status-publish","4":"has-post-thumbnail","6":"product_cat-chape-traditionelle","7":"product_cat-lisseuse","9":"first","10":"instock","11":"shipping-taxable","12":"product-type-simple"},"acf":[],"_links":{"self":[{"href":"https:\/\/www.estrichboy.de\/fr\/wp-json\/wp\/v2\/product\/14117","targetHints":{"allow":["GET"]}}],"collection":[{"href":"https:\/\/www.estrichboy.de\/fr\/wp-json\/wp\/v2\/product"}],"about":[{"href":"https:\/\/www.estrichboy.de\/fr\/wp-json\/wp\/v2\/types\/product"}],"wp:featuredmedia":[{"embeddable":true,"href":"https:\/\/www.estrichboy.de\/fr\/wp-json\/wp\/v2\/media\/14124"}],"wp:attachment":[{"href":"https:\/\/www.estrichboy.de\/fr\/wp-json\/wp\/v2\/media?parent=14117"}],"wp:term":[{"taxonomy":"product_brand","embeddable":true,"href":"https:\/\/www.estrichboy.de\/fr\/wp-json\/wp\/v2\/product_brand?post=14117"},{"taxonomy":"product_cat","embeddable":true,"href":"https:\/\/www.estrichboy.de\/fr\/wp-json\/wp\/v2\/product_cat?post=14117"},{"taxonomy":"product_tag","embeddable":true,"href":"https:\/\/www.estrichboy.de\/fr\/wp-json\/wp\/v2\/product_tag?post=14117"}],"curies":[{"name":"wp","href":"https:\/\/api.w.org\/{rel}","templated":true}]}}