{"id":14125,"date":"2025-07-10T07:59:44","date_gmt":"2025-07-10T07:59:44","guid":{"rendered":"https:\/\/brinkmann.putzmeister-mortar.de\/produkt\/estrichboy-ec-260\/"},"modified":"2025-11-26T15:00:11","modified_gmt":"2025-11-26T15:00:11","slug":"estrichboy-ec-260","status":"publish","type":"product","link":"https:\/\/www.estrichboy.de\/fr\/produkt\/estrichboy-ec-260\/","title":{"rendered":"ESTRICHBOY EC 260\/45"},"content":{"rendered":"<h2>electrique, puissant, silencieux<\/h2>\n<ul>\n<li>Unit\u00e9 d&rsquo;entra\u00eenement \u00e9lectrique robuste avec entra\u00eenement direct du compresseur<\/li>\n<li>FlexDrive : fonctionnement au choix avec 63 ou 50 amp\u00e8res pour une flexibilit\u00e9 maximale<\/li>\n<li>Plus de 6 dB plus silencieux, id\u00e9al pour les espaces ferm\u00e9s et les zones insonoris\u00e9es<\/li>\n<li>Co\u00fbts d&rsquo;exploitation minimaux et peu de frais d&rsquo;entretien<\/li>\n<li>D\u00e9tection automatique des phases de courant<\/li>\n<li>Facilit\u00e9 d&rsquo;utilisation gr\u00e2ce \u00e0 des robinets d&rsquo;air et des leviers d&rsquo;alimentation id\u00e9alement positionn\u00e9s<\/li>\n<\/ul>\n","protected":false},"excerpt":{"rendered":"<p>electrique, puissant, silencieux Unit\u00e9 d&rsquo;entra\u00eenement \u00e9lectrique robuste avec entra\u00eenement direct du compresseur FlexDrive : fonctionnement au choix avec 63 ou 50 amp\u00e8res pour une flexibilit\u00e9 maximale Plus de 6 dB plus silencieux, id\u00e9al pour les espaces ferm\u00e9s et les zones insonoris\u00e9es Co\u00fbts d&rsquo;exploitation minimaux et peu de frais d&rsquo;entretien D\u00e9tection automatique des phases de courant [&hellip;]<\/p>\n","protected":false},"featured_media":14134,"template":"","meta":[],"product_brand":[],"product_cat":[404,401],"product_tag":[],"class_list":{"0":"post-14125","1":"product","2":"type-product","3":"status-publish","4":"has-post-thumbnail","6":"product_cat-chape-traditionelle","7":"product_cat-transporteurs-malaxeurs","9":"first","10":"instock","11":"shipping-taxable","12":"product-type-simple"},"acf":[],"_links":{"self":[{"href":"https:\/\/www.estrichboy.de\/fr\/wp-json\/wp\/v2\/product\/14125","targetHints":{"allow":["GET"]}}],"collection":[{"href":"https:\/\/www.estrichboy.de\/fr\/wp-json\/wp\/v2\/product"}],"about":[{"href":"https:\/\/www.estrichboy.de\/fr\/wp-json\/wp\/v2\/types\/product"}],"wp:featuredmedia":[{"embeddable":true,"href":"https:\/\/www.estrichboy.de\/fr\/wp-json\/wp\/v2\/media\/14134"}],"wp:attachment":[{"href":"https:\/\/www.estrichboy.de\/fr\/wp-json\/wp\/v2\/media?parent=14125"}],"wp:term":[{"taxonomy":"product_brand","embeddable":true,"href":"https:\/\/www.estrichboy.de\/fr\/wp-json\/wp\/v2\/product_brand?post=14125"},{"taxonomy":"product_cat","embeddable":true,"href":"https:\/\/www.estrichboy.de\/fr\/wp-json\/wp\/v2\/product_cat?post=14125"},{"taxonomy":"product_tag","embeddable":true,"href":"https:\/\/www.estrichboy.de\/fr\/wp-json\/wp\/v2\/product_tag?post=14125"}],"curies":[{"name":"wp","href":"https:\/\/api.w.org\/{rel}","templated":true}]}}