{"id":14135,"date":"2023-05-17T15:23:16","date_gmt":"2023-05-17T15:23:16","guid":{"rendered":"https:\/\/brinkmann.putzmeister-mortar.de\/produkt\/estrichboy-dc-260-55\/"},"modified":"2025-11-21T07:47:23","modified_gmt":"2025-11-21T07:47:23","slug":"estrichboy-dc-260-55","status":"publish","type":"product","link":"https:\/\/www.estrichboy.de\/fr\/produkt\/estrichboy-dc-260-55\/","title":{"rendered":"ESTRICHBOY DC 260\/55"},"content":{"rendered":"<h3><b>\u00c9prouv\u00e9e et pourtant toute nouvelle &#8211;<br \/>\nla <\/b><b>EstrichBoy<\/b><b> Un classique <\/b> <\/h3>\n<ul>\n<li>Coque robuste, noyau puissant<\/li>\n<li>Malaxeur \u00e0 entra\u00eenement enti\u00e8rement hydraulique<\/li>\n<li>Tous les mod\u00e8les sont disponibles avec la norme d&rsquo;\u00e9mission stricte Stage V et \u00e9galement en version export avec la norme d&rsquo;\u00e9mission 3A<\/li>\n<li>Silencieuse: conforme aux exigences les plus strictes en mati\u00e8re de bruit<\/li>\n<li>Inclut l&rsquo;autorisation d&rsquo;utilisation dans des espaces (partiellement) ferm\u00e9s<\/li>\n<\/ul>\n","protected":false},"excerpt":{"rendered":"<p>\u00c9prouv\u00e9e et pourtant toute nouvelle &#8211; la EstrichBoy Un classique Coque robuste, noyau puissant Malaxeur \u00e0 entra\u00eenement enti\u00e8rement hydraulique Tous les mod\u00e8les sont disponibles avec la norme d&rsquo;\u00e9mission stricte Stage V et \u00e9galement en version export avec la norme d&rsquo;\u00e9mission 3A Silencieuse: conforme aux exigences les plus strictes en mati\u00e8re de bruit Inclut l&rsquo;autorisation d&rsquo;utilisation [&hellip;]<\/p>\n","protected":false},"featured_media":14110,"template":"","meta":[],"product_brand":[],"product_cat":[404,401],"product_tag":[],"class_list":{"0":"post-14135","1":"product","2":"type-product","3":"status-publish","4":"has-post-thumbnail","6":"product_cat-chape-traditionelle","7":"product_cat-transporteurs-malaxeurs","9":"first","10":"instock","11":"shipping-taxable","12":"product-type-simple"},"acf":[],"_links":{"self":[{"href":"https:\/\/www.estrichboy.de\/fr\/wp-json\/wp\/v2\/product\/14135","targetHints":{"allow":["GET"]}}],"collection":[{"href":"https:\/\/www.estrichboy.de\/fr\/wp-json\/wp\/v2\/product"}],"about":[{"href":"https:\/\/www.estrichboy.de\/fr\/wp-json\/wp\/v2\/types\/product"}],"wp:featuredmedia":[{"embeddable":true,"href":"https:\/\/www.estrichboy.de\/fr\/wp-json\/wp\/v2\/media\/14110"}],"wp:attachment":[{"href":"https:\/\/www.estrichboy.de\/fr\/wp-json\/wp\/v2\/media?parent=14135"}],"wp:term":[{"taxonomy":"product_brand","embeddable":true,"href":"https:\/\/www.estrichboy.de\/fr\/wp-json\/wp\/v2\/product_brand?post=14135"},{"taxonomy":"product_cat","embeddable":true,"href":"https:\/\/www.estrichboy.de\/fr\/wp-json\/wp\/v2\/product_cat?post=14135"},{"taxonomy":"product_tag","embeddable":true,"href":"https:\/\/www.estrichboy.de\/fr\/wp-json\/wp\/v2\/product_tag?post=14135"}],"curies":[{"name":"wp","href":"https:\/\/api.w.org\/{rel}","templated":true}]}}