{"id":14152,"date":"2025-07-20T19:16:04","date_gmt":"2025-07-20T19:16:04","guid":{"rendered":"https:\/\/brinkmann.putzmeister-mortar.de\/produkt\/pompe-a-vis-fhs-250\/"},"modified":"2025-11-25T09:22:04","modified_gmt":"2025-11-25T09:22:04","slug":"pompe-a-chape-fluide-fhs-250","status":"publish","type":"product","link":"https:\/\/www.estrichboy.de\/fr\/produkt\/pompe-a-chape-fluide-fhs-250\/","title":{"rendered":"POMPE \u00c0 VIS FHS 250"},"content":{"rendered":"<h2>Pompe \u00e0 vis robuste pour la chape fluide<\/h2>\n<ul>\n<li>Pour chape fluide jusqu&rsquo;\u00e0 8 mm de granulom\u00e9trie<\/li>\n<li>Moteur Kubota 3 cylindres silencieux de 37,0 kW (Stage V)<\/li>\n<li>La faible hauteur de remplissage facilite le nettoyage et le chargement avec un camion-malaxeur<\/li>\n<li>T\u00e9l\u00e9commande radio avec de nombreuses fonctions<\/li>\n<li>La grille de tamisage int\u00e9gr\u00e9e au vibreur (de s\u00e9rie) \u00e9vite les grains trop gros<\/li>\n<li>Capot en plastique robuste et durable<\/li>\n<\/ul>\n","protected":false},"excerpt":{"rendered":"<p>Pompe \u00e0 vis robuste pour la chape fluide Pour chape fluide jusqu&rsquo;\u00e0 8 mm de granulom\u00e9trie Moteur Kubota 3 cylindres silencieux de 37,0 kW (Stage V) La faible hauteur de remplissage facilite le nettoyage et le chargement avec un camion-malaxeur T\u00e9l\u00e9commande radio avec de nombreuses fonctions La grille de tamisage int\u00e9gr\u00e9e au vibreur (de s\u00e9rie) [&hellip;]<\/p>\n","protected":false},"featured_media":14162,"template":"","meta":[],"product_brand":[],"product_cat":[405,403],"product_tag":[],"class_list":{"0":"post-14152","1":"product","2":"type-product","3":"status-publish","4":"has-post-thumbnail","6":"product_cat-chape-fluide","7":"product_cat-pompes-a-chape-fluide","9":"first","10":"instock","11":"shipping-taxable","12":"product-type-simple"},"acf":[],"_links":{"self":[{"href":"https:\/\/www.estrichboy.de\/fr\/wp-json\/wp\/v2\/product\/14152","targetHints":{"allow":["GET"]}}],"collection":[{"href":"https:\/\/www.estrichboy.de\/fr\/wp-json\/wp\/v2\/product"}],"about":[{"href":"https:\/\/www.estrichboy.de\/fr\/wp-json\/wp\/v2\/types\/product"}],"wp:featuredmedia":[{"embeddable":true,"href":"https:\/\/www.estrichboy.de\/fr\/wp-json\/wp\/v2\/media\/14162"}],"wp:attachment":[{"href":"https:\/\/www.estrichboy.de\/fr\/wp-json\/wp\/v2\/media?parent=14152"}],"wp:term":[{"taxonomy":"product_brand","embeddable":true,"href":"https:\/\/www.estrichboy.de\/fr\/wp-json\/wp\/v2\/product_brand?post=14152"},{"taxonomy":"product_cat","embeddable":true,"href":"https:\/\/www.estrichboy.de\/fr\/wp-json\/wp\/v2\/product_cat?post=14152"},{"taxonomy":"product_tag","embeddable":true,"href":"https:\/\/www.estrichboy.de\/fr\/wp-json\/wp\/v2\/product_tag?post=14152"}],"curies":[{"name":"wp","href":"https:\/\/api.w.org\/{rel}","templated":true}]}}